{"id":837,"date":"2020-07-06T12:50:14","date_gmt":"2020-07-06T12:50:14","guid":{"rendered":"https:\/\/kraft-bauer.com\/?page_id=837"},"modified":"2020-07-21T06:33:52","modified_gmt":"2020-07-21T06:33:52","slug":"co2-feuerloescher-fahrbar","status":"publish","type":"page","link":"https:\/\/kraft-bauer.com\/?page_id=837","title":{"rendered":"CO2 Feuerloescher fahrbar"},"content":{"rendered":"<div data-colibri-id=\"837-c1\" class=\"style-1031 style-local-837-c1 position-relative\">\r\n  <!---->\r\n  <div data-colibri-component=\"section\" data-colibri-id=\"837-c2\" id=\"initial-content\" class=\"h-section h-section-global-spacing d-flex align-items-lg-center align-items-md-center align-items-center style-1032 style-local-837-c2 position-relative\">\r\n    <!---->\r\n    <!---->\r\n    <div class=\"h-section-grid-container h-section-boxed-container\">\r\n      <!---->\r\n      <div data-colibri-id=\"837-c26\" class=\"h-row-container gutters-row-lg-2 gutters-row-md-2 gutters-row-0 gutters-row-v-lg-2 gutters-row-v-md-2 gutters-row-v-2 style-1057 style-local-837-c26 position-relative\">\r\n        <!---->\r\n        <div class=\"h-row justify-content-lg-center justify-content-md-center justify-content-center align-items-lg-stretch align-items-md-stretch align-items-stretch gutters-col-lg-2 gutters-col-md-2 gutters-col-0 gutters-col-v-lg-2 gutters-col-v-md-2 gutters-col-v-2\">\r\n          <!---->\r\n          <div class=\"h-column h-column-container d-flex h-col-lg-auto h-col-md-auto h-col-auto style-1058-outer style-local-837-c27-outer\">\r\n            <div data-colibri-id=\"837-c27\" class=\"d-flex h-flex-basis h-column__inner h-px-lg-2 h-px-md-2 h-px-2 v-inner-lg-2 v-inner-md-2 v-inner-2 style-1058 style-local-837-c27 position-relative\">\r\n              <!---->\r\n              <!---->\r\n              <div class=\"w-100 h-y-container h-column__content h-column__v-align flex-basis-100 align-self-lg-start align-self-md-start align-self-start\">\r\n                <!---->\r\n                <div data-colibri-id=\"837-c28\" class=\"h-text h-text-component style-1051 style-local-837-c28 position-relative h-element\">\r\n                  <!---->\r\n                  <!---->\r\n                  <div class=\"\">\r\n                    <h3>\r\n                      <a href=\"https:\/\/loeschanlage.com\/de\/feuerloescher\/fahrbare-geraete\/co2-feuerloescher\" class=\"customize-unpreviewable\" style=\"color: rgb(150, 33, 37); font-weight: 300;\">CO2-FEUERL\u00d6SCHER FAHRBAR<\/a>\r\n                    <\/h3>\r\n                  <\/div>\r\n                <\/div>\r\n              <\/div>\r\n            <\/div>\r\n          <\/div>\r\n        <\/div>\r\n      <\/div>\r\n      <div data-colibri-id=\"837-c15\" class=\"h-row-container gutters-row-lg-2 gutters-row-md-2 gutters-row-0 gutters-row-v-lg-2 gutters-row-v-md-2 gutters-row-v-2 style-1045 style-local-837-c15 position-relative\">\r\n        <!---->\r\n        <div class=\"h-row justify-content-lg-center justify-content-md-center justify-content-center align-items-lg-stretch align-items-md-stretch align-items-stretch gutters-col-lg-2 gutters-col-md-2 gutters-col-0 gutters-col-v-lg-2 gutters-col-v-md-2 gutters-col-v-2\">\r\n          <!---->\r\n          <div class=\"h-column h-column-container d-flex h-col-lg-auto h-col-md-auto h-col-auto style-1046-outer style-local-837-c16-outer\">\r\n            <div data-colibri-id=\"837-c16\" class=\"d-flex h-flex-basis h-column__inner h-px-lg-2 h-px-md-2 h-px-2 v-inner-lg-2 v-inner-md-2 v-inner-2 style-1046 style-local-837-c16 position-relative\">\r\n              <!---->\r\n              <!---->\r\n              <div class=\"w-100 h-y-container h-column__content h-column__v-align flex-basis-100 align-self-lg-start align-self-md-start align-self-start\">\r\n                <!---->\r\n                <div data-colibri-id=\"837-c22\" class=\"h-divider style-1053 style-local-837-c22 position-relative h-element\">\r\n                  <!----><span class=\"h-divider__line style-1053-line style-local-837-c22-line style-1053-line style-local-837-c22-line\"><\/span><\/div>\r\n              <\/div>\r\n            <\/div>\r\n          <\/div>\r\n        <\/div>\r\n      <\/div>\r\n      <div data-colibri-id=\"837-c18\" class=\"h-row-container gutters-row-lg-2 gutters-row-md-2 gutters-row-0 gutters-row-v-lg-2 gutters-row-v-md-2 gutters-row-v-2 style-1048 style-local-837-c18 position-relative\">\r\n        <!---->\r\n        <div class=\"h-row justify-content-lg-center justify-content-md-center justify-content-center align-items-lg-stretch align-items-md-stretch align-items-stretch gutters-col-lg-2 gutters-col-md-2 gutters-col-0 gutters-col-v-lg-2 gutters-col-v-md-2 gutters-col-v-2\">\r\n          <!---->\r\n          <div class=\"h-column h-column-container d-flex h-col-lg-auto h-col-md-auto h-col-auto style-1049-outer style-local-837-c19-outer\">\r\n            <div data-colibri-id=\"837-c19\" class=\"d-flex h-flex-basis h-column__inner h-px-lg-2 h-px-md-2 h-px-2 v-inner-lg-2 v-inner-md-2 v-inner-2 style-1049 style-local-837-c19 position-relative\">\r\n              <!---->\r\n              <!---->\r\n              <div class=\"w-100 h-y-container h-column__content h-column__v-align flex-basis-100 align-self-lg-start align-self-md-start align-self-start\">\r\n                <!---->\r\n                <div data-colibri-id=\"837-c23\" class=\"h-text h-text-component style-1054 style-local-837-c23 position-relative h-element\">\r\n                  <!---->\r\n                  <!---->\r\n                  <div class=\"\">\r\n                    <p><strong>Das Wichtigste in K\u00fcrze:<\/strong><\/p>\r\n                    <ul>\r\n                      <li>Temperaturfunktionsbereich -20\u00b0C bis +60\u00b0C<\/li>\r\n                      <li>Geeignet in gro\u00dfen Hallen, da leicht transportierbar<\/li>\r\n                      <li>Bedienungsfreundlich<\/li>\r\n                      <li>Erh\u00e4ltlich in den L\u00f6schmittelmengen 10-, 20- und 30 kg CO2<\/li>\r\n                      <li>Elektrische und elektronische Anlagen<\/li>\r\n                      <li>Chemische Industrie<\/li>\r\n                      <li>Bereiche mit besonderen hygienischen Anforderungen<\/li>\r\n                      <li>Maschinen und Anlagen<\/li>\r\n                    <\/ul>\r\n                  <\/div>\r\n                <\/div>\r\n              <\/div>\r\n            <\/div>\r\n          <\/div>\r\n        <\/div>\r\n      <\/div>\r\n      <div data-colibri-id=\"837-c12\" class=\"h-row-container gutters-row-lg-2 gutters-row-md-2 gutters-row-0 gutters-row-v-lg-2 gutters-row-v-md-2 gutters-row-v-2 style-1042 style-local-837-c12 position-relative\">\r\n        <!---->\r\n        <div class=\"h-row justify-content-lg-center justify-content-md-center justify-content-center align-items-lg-stretch align-items-md-stretch align-items-stretch gutters-col-lg-2 gutters-col-md-2 gutters-col-0 gutters-col-v-lg-2 gutters-col-v-md-2 gutters-col-v-2\">\r\n          <!---->\r\n          <div class=\"h-column h-column-container d-flex h-col-lg-auto h-col-md-auto h-col-auto style-1043-outer style-local-837-c13-outer\">\r\n            <div data-colibri-id=\"837-c13\" class=\"d-flex h-flex-basis h-column__inner h-px-lg-2 h-px-md-2 h-px-2 v-inner-lg-2 v-inner-md-2 v-inner-2 style-1043 style-local-837-c13 position-relative\">\r\n              <!---->\r\n              <!---->\r\n              <div class=\"w-100 h-y-container h-column__content h-column__v-align flex-basis-100 align-self-lg-start align-self-md-start align-self-start\">\r\n                <!---->\r\n                <div data-colibri-id=\"837-c24\" class=\"d-block style-1055 style-local-837-c24 position-relative h-element\">\r\n                  <!---->\r\n                  <div class=\"h-image__frame-container-outer\">\r\n                    <div class=\"h-image__frame-container\">\r\n                      <!---->\r\n                      <!---->\r\n                      <img decoding=\"async\" width=\"155\" height=\"259\" src=\"https:\/\/kraft-bauer.com\/wp-content\/uploads\/2020\/07\/cropped-fahrbar_co2-2.jpg\" class=\"wp-image-1211 style-1055-image style-local-837-c24-image\" alt=\"Fahrbar CO2\" \/>\r\n                      <div class=\"h-image__frame h-hide-lg h-hide-md h-hide-sm style-1055-frameImage style-local-837-c24-frameImage\"><\/div>\r\n                    <\/div>\r\n                  <\/div>\r\n                <\/div>\r\n              <\/div>\r\n            <\/div>\r\n          <\/div>\r\n          <div class=\"h-column h-column-container d-flex h-col-lg-auto h-col-md-auto h-col-auto style-1044-outer style-local-837-c14-outer\">\r\n            <div data-colibri-id=\"837-c14\" class=\"d-flex h-flex-basis h-column__inner h-ui-empty-state-container h-px-lg-2 h-px-md-2 h-px-2 v-inner-lg-2 v-inner-md-2 v-inner-2 style-1044 style-local-837-c14 position-relative\">\r\n              <!---->\r\n              <!---->\r\n              <div class=\"w-100 h-y-container h-column__content h-column__v-align flex-basis-100\">\r\n                <!---->\r\n              <\/div>\r\n            <\/div>\r\n          <\/div>\r\n        <\/div>\r\n      <\/div>\r\n      <div data-colibri-id=\"837-c9\" class=\"h-row-container gutters-row-lg-2 gutters-row-md-2 gutters-row-0 gutters-row-v-lg-2 gutters-row-v-md-2 gutters-row-v-2 style-1039 style-local-837-c9 position-relative\">\r\n        <!---->\r\n        <div class=\"h-row justify-content-lg-center justify-content-md-center justify-content-center align-items-lg-stretch align-items-md-stretch align-items-stretch gutters-col-lg-2 gutters-col-md-2 gutters-col-0 gutters-col-v-lg-2 gutters-col-v-md-2 gutters-col-v-2\">\r\n          <!---->\r\n          <div class=\"h-column h-column-container d-flex h-col-lg-auto h-col-md-auto h-col-auto style-1040-outer style-local-837-c10-outer\">\r\n            <div data-colibri-id=\"837-c10\" class=\"d-flex h-flex-basis h-column__inner h-px-lg-2 h-px-md-2 h-px-2 v-inner-lg-2 v-inner-md-2 v-inner-2 style-1040 style-local-837-c10 position-relative\">\r\n              <!---->\r\n              <!---->\r\n              <div class=\"w-100 h-y-container h-column__content h-column__v-align flex-basis-100 align-self-lg-start align-self-md-start align-self-start\">\r\n                <!---->\r\n                <div data-colibri-id=\"837-c25\" class=\"h-text h-text-component style-1056 style-local-837-c25 position-relative h-element\">\r\n                  <!---->\r\n                  <!---->\r\n                  <div class=\"\">\r\n                    <p>Kohlendioxid wird in Verbindung mit L\u00f6schbrausen zur Bek\u00e4mpfung von Br\u00e4nden fl\u00fcssiger und fl\u00fcssig werdender Stoffe der Brandklasse B eingesetzt. Seine L\u00f6schwirkung beruht auf dem Stickeffekt. Kohlendioxid l\u00f6scht r\u00fcckstandsfrei und\r\n                      ist elektrisch nicht leitend, was&nbsp;es besonders geeignet f\u00fcr das L\u00f6schen an elektrischen Anlagen oder anderen empfindlichen Ger\u00e4tschaften macht. Der fahrbare Kohlendioxidfeuerl\u00f6scher von Kraft &amp; Bauer hat einen Temperaturfunktionsbereich\r\n                      von -20\u00b0C bis +60\u00b0C. Da er sich leicht transpotieren l\u00e4sst ist er besonders geeignet f\u00fcr gro\u00dfe Hallen. Bei Kraft &amp; Bauer ist dieser fahrbare Feuerl\u00f6scher in den L\u00f6schmittelmengen 10-, 20- und 30 kg CO2 erh\u00e4ltlich.<\/p>\r\n                    <p>M\u00f6gliche Anwendungsbereiche f\u00fcr den fahrbaren Kohlendioxidfeuerl\u00f6scher von Kraft &amp; Bauer sind elektrische und elektronische Anlagen, Reinst- und Reinr\u00e4ume, Chemische Industrie, Bereiche mit besonderen hygienischen Anforderungen,\r\n                      Maschinen und Anlagen und in Lackierereien.<\/p>\r\n                  <\/div>\r\n                <\/div>\r\n              <\/div>\r\n            <\/div>\r\n          <\/div>\r\n        <\/div>\r\n      <\/div>\r\n    <\/div>\r\n  <\/div>\r\n<\/div>","protected":false},"excerpt":{"rendered":"<p>CO2-FEUERL\u00d6SCHER FAHRBAR Das Wichtigste in K\u00fcrze: Temperaturfunktionsbereich -20\u00b0C bis +60\u00b0C Geeignet in gro\u00dfen Hallen, da leicht transportierbar Bedienungsfreundlich Erh\u00e4ltlich in den L\u00f6schmittelmengen 10-, 20- und 30 kg CO2 Elektrische und elektronische Anlagen Chemische Industrie Bereiche mit besonderen hygienischen Anforderungen Maschinen und Anlagen Kohlendioxid wird in Verbindung mit L\u00f6schbrausen zur Bek\u00e4mpfung von Br\u00e4nden fl\u00fcssiger und fl\u00fcssig [&hellip;]<\/p>\n","protected":false},"author":1,"featured_media":0,"parent":643,"menu_order":0,"comment_status":"closed","ping_status":"closed","template":"page-templates\/full-width-page.php","meta":{"footnotes":""},"class_list":["post-837","page","type-page","status-publish","hentry"],"yoast_head":"<!-- This site is optimized with the Yoast SEO plugin v22.6 - https:\/\/yoast.com\/wordpress\/plugins\/seo\/ -->\n<title>CO2 Feuerloescher fahrbar - Kraft-Bauer<\/title>\n<meta name=\"description\" content=\"L\u00f6schanlagen und Feuerl\u00f6scher zur Brandvermeidung und -bek\u00e4mpfung. F\u00fcr die Sicherheit Ihrer Unternehmens- und Produktionsbereiche. Wir beraten Sie gerne info@kraft-bauer.com\" \/>\n<meta name=\"robots\" content=\"index, follow, max-snippet:-1, max-image-preview:large, max-video-preview:-1\" \/>\n<link rel=\"canonical\" href=\"https:\/\/kraft-bauer.com\/?page_id=837\" \/>\n<meta property=\"og:locale\" content=\"de_DE\" \/>\n<meta property=\"og:type\" content=\"article\" \/>\n<meta property=\"og:title\" content=\"CO2 Feuerloescher fahrbar - Kraft-Bauer\" \/>\n<meta property=\"og:description\" content=\"L\u00f6schanlagen und Feuerl\u00f6scher zur Brandvermeidung und -bek\u00e4mpfung. F\u00fcr die Sicherheit Ihrer Unternehmens- und Produktionsbereiche. Wir beraten Sie gerne info@kraft-bauer.com\" \/>\n<meta property=\"og:url\" content=\"https:\/\/kraft-bauer.com\/?page_id=837\" \/>\n<meta property=\"og:site_name\" content=\"Kraft-Bauer\" \/>\n<meta property=\"article:modified_time\" content=\"2020-07-21T06:33:52+00:00\" \/>\n<meta property=\"og:image\" content=\"https:\/\/kraft-bauer.com\/wp-content\/uploads\/2020\/07\/cropped-fahrbar_co2-2.jpg\" \/>\n<meta name=\"twitter:card\" content=\"summary_large_image\" \/>\n<meta name=\"twitter:label1\" content=\"Gesch\u00e4tzte Lesezeit\" \/>\n\t<meta name=\"twitter:data1\" content=\"1\u00a0Minute\" \/>\n<script type=\"application\/ld+json\" class=\"yoast-schema-graph\">{\"@context\":\"https:\/\/schema.org\",\"@graph\":[{\"@type\":\"WebPage\",\"@id\":\"https:\/\/kraft-bauer.com\/?page_id=837\",\"url\":\"https:\/\/kraft-bauer.com\/?page_id=837\",\"name\":\"CO2 Feuerloescher fahrbar - Kraft-Bauer\",\"isPartOf\":{\"@id\":\"https:\/\/kraft-bauer.com\/#website\"},\"primaryImageOfPage\":{\"@id\":\"https:\/\/kraft-bauer.com\/?page_id=837#primaryimage\"},\"image\":{\"@id\":\"https:\/\/kraft-bauer.com\/?page_id=837#primaryimage\"},\"thumbnailUrl\":\"https:\/\/kraft-bauer.com\/wp-content\/uploads\/2020\/07\/cropped-fahrbar_co2-2.jpg\",\"datePublished\":\"2020-07-06T12:50:14+00:00\",\"dateModified\":\"2020-07-21T06:33:52+00:00\",\"description\":\"L\u00f6schanlagen und Feuerl\u00f6scher zur Brandvermeidung und -bek\u00e4mpfung. F\u00fcr die Sicherheit Ihrer Unternehmens- und Produktionsbereiche. Wir beraten Sie gerne info@kraft-bauer.com\",\"breadcrumb\":{\"@id\":\"https:\/\/kraft-bauer.com\/?page_id=837#breadcrumb\"},\"inLanguage\":\"de\",\"potentialAction\":[{\"@type\":\"ReadAction\",\"target\":[\"https:\/\/kraft-bauer.com\/?page_id=837\"]}]},{\"@type\":\"ImageObject\",\"inLanguage\":\"de\",\"@id\":\"https:\/\/kraft-bauer.com\/?page_id=837#primaryimage\",\"url\":\"https:\/\/kraft-bauer.com\/wp-content\/uploads\/2020\/07\/cropped-fahrbar_co2-2.jpg\",\"contentUrl\":\"https:\/\/kraft-bauer.com\/wp-content\/uploads\/2020\/07\/cropped-fahrbar_co2-2.jpg\",\"width\":155,\"height\":259,\"caption\":\"Fahrbar CO2\"},{\"@type\":\"BreadcrumbList\",\"@id\":\"https:\/\/kraft-bauer.com\/?page_id=837#breadcrumb\",\"itemListElement\":[{\"@type\":\"ListItem\",\"position\":1,\"name\":\"Startseite\",\"item\":\"https:\/\/kraft-bauer.com\/\"},{\"@type\":\"ListItem\",\"position\":2,\"name\":\"Feuerl\u00f6scher\",\"item\":\"https:\/\/kraft-bauer.com\/?page_id=575\"},{\"@type\":\"ListItem\",\"position\":3,\"name\":\"Fahrbare Ger\u00e4te\",\"item\":\"https:\/\/kraft-bauer.com\/?page_id=643\"},{\"@type\":\"ListItem\",\"position\":4,\"name\":\"CO2 Feuerloescher fahrbar\"}]},{\"@type\":\"WebSite\",\"@id\":\"https:\/\/kraft-bauer.com\/#website\",\"url\":\"https:\/\/kraft-bauer.com\/\",\"name\":\"Kraft & Bauer Brandschutzsysteme GmbH\",\"description\":\"L\u00f6schanlagen und Feuerl\u00f6scher zur Brandvermeidung und -bek\u00e4mpfung. F\u00fcr die Sicherheit Ihrer Unternehmens- und Produktionsbereiche. Wir beraten Sie gerne info@kraft-bauer.com\",\"publisher\":{\"@id\":\"https:\/\/kraft-bauer.com\/#organization\"},\"potentialAction\":[{\"@type\":\"SearchAction\",\"target\":{\"@type\":\"EntryPoint\",\"urlTemplate\":\"https:\/\/kraft-bauer.com\/?s={search_term_string}\"},\"query-input\":\"required name=search_term_string\"}],\"inLanguage\":\"de\"},{\"@type\":\"Organization\",\"@id\":\"https:\/\/kraft-bauer.com\/#organization\",\"name\":\"Kraft & Bauer Brandschutzsysteme GmbH\",\"url\":\"https:\/\/kraft-bauer.com\/\",\"logo\":{\"@type\":\"ImageObject\",\"inLanguage\":\"de\",\"@id\":\"https:\/\/kraft-bauer.com\/#\/schema\/logo\/image\/\",\"url\":\"https:\/\/kraft-bauer.com\/wp-content\/uploads\/2020\/07\/cropped-logo_header-scaled-2.jpg\",\"contentUrl\":\"https:\/\/kraft-bauer.com\/wp-content\/uploads\/2020\/07\/cropped-logo_header-scaled-2.jpg\",\"width\":2491,\"height\":735,\"caption\":\"Kraft & Bauer Brandschutzsysteme GmbH\"},\"image\":{\"@id\":\"https:\/\/kraft-bauer.com\/#\/schema\/logo\/image\/\"}}]}<\/script>\n<!-- \/ Yoast SEO plugin. -->","yoast_head_json":{"title":"CO2 Feuerloescher fahrbar - Kraft-Bauer","description":"L\u00f6schanlagen und Feuerl\u00f6scher zur Brandvermeidung und -bek\u00e4mpfung. F\u00fcr die Sicherheit Ihrer Unternehmens- und Produktionsbereiche. Wir beraten Sie gerne info@kraft-bauer.com","robots":{"index":"index","follow":"follow","max-snippet":"max-snippet:-1","max-image-preview":"max-image-preview:large","max-video-preview":"max-video-preview:-1"},"canonical":"https:\/\/kraft-bauer.com\/?page_id=837","og_locale":"de_DE","og_type":"article","og_title":"CO2 Feuerloescher fahrbar - Kraft-Bauer","og_description":"L\u00f6schanlagen und Feuerl\u00f6scher zur Brandvermeidung und -bek\u00e4mpfung. F\u00fcr die Sicherheit Ihrer Unternehmens- und Produktionsbereiche. Wir beraten Sie gerne info@kraft-bauer.com","og_url":"https:\/\/kraft-bauer.com\/?page_id=837","og_site_name":"Kraft-Bauer","article_modified_time":"2020-07-21T06:33:52+00:00","og_image":[{"url":"https:\/\/kraft-bauer.com\/wp-content\/uploads\/2020\/07\/cropped-fahrbar_co2-2.jpg"}],"twitter_card":"summary_large_image","twitter_misc":{"Gesch\u00e4tzte Lesezeit":"1\u00a0Minute"},"schema":{"@context":"https:\/\/schema.org","@graph":[{"@type":"WebPage","@id":"https:\/\/kraft-bauer.com\/?page_id=837","url":"https:\/\/kraft-bauer.com\/?page_id=837","name":"CO2 Feuerloescher fahrbar - Kraft-Bauer","isPartOf":{"@id":"https:\/\/kraft-bauer.com\/#website"},"primaryImageOfPage":{"@id":"https:\/\/kraft-bauer.com\/?page_id=837#primaryimage"},"image":{"@id":"https:\/\/kraft-bauer.com\/?page_id=837#primaryimage"},"thumbnailUrl":"https:\/\/kraft-bauer.com\/wp-content\/uploads\/2020\/07\/cropped-fahrbar_co2-2.jpg","datePublished":"2020-07-06T12:50:14+00:00","dateModified":"2020-07-21T06:33:52+00:00","description":"L\u00f6schanlagen und Feuerl\u00f6scher zur Brandvermeidung und -bek\u00e4mpfung. F\u00fcr die Sicherheit Ihrer Unternehmens- und Produktionsbereiche. Wir beraten Sie gerne info@kraft-bauer.com","breadcrumb":{"@id":"https:\/\/kraft-bauer.com\/?page_id=837#breadcrumb"},"inLanguage":"de","potentialAction":[{"@type":"ReadAction","target":["https:\/\/kraft-bauer.com\/?page_id=837"]}]},{"@type":"ImageObject","inLanguage":"de","@id":"https:\/\/kraft-bauer.com\/?page_id=837#primaryimage","url":"https:\/\/kraft-bauer.com\/wp-content\/uploads\/2020\/07\/cropped-fahrbar_co2-2.jpg","contentUrl":"https:\/\/kraft-bauer.com\/wp-content\/uploads\/2020\/07\/cropped-fahrbar_co2-2.jpg","width":155,"height":259,"caption":"Fahrbar CO2"},{"@type":"BreadcrumbList","@id":"https:\/\/kraft-bauer.com\/?page_id=837#breadcrumb","itemListElement":[{"@type":"ListItem","position":1,"name":"Startseite","item":"https:\/\/kraft-bauer.com\/"},{"@type":"ListItem","position":2,"name":"Feuerl\u00f6scher","item":"https:\/\/kraft-bauer.com\/?page_id=575"},{"@type":"ListItem","position":3,"name":"Fahrbare Ger\u00e4te","item":"https:\/\/kraft-bauer.com\/?page_id=643"},{"@type":"ListItem","position":4,"name":"CO2 Feuerloescher fahrbar"}]},{"@type":"WebSite","@id":"https:\/\/kraft-bauer.com\/#website","url":"https:\/\/kraft-bauer.com\/","name":"Kraft & Bauer Brandschutzsysteme GmbH","description":"L\u00f6schanlagen und Feuerl\u00f6scher zur Brandvermeidung und -bek\u00e4mpfung. F\u00fcr die Sicherheit Ihrer Unternehmens- und Produktionsbereiche. Wir beraten Sie gerne info@kraft-bauer.com","publisher":{"@id":"https:\/\/kraft-bauer.com\/#organization"},"potentialAction":[{"@type":"SearchAction","target":{"@type":"EntryPoint","urlTemplate":"https:\/\/kraft-bauer.com\/?s={search_term_string}"},"query-input":"required name=search_term_string"}],"inLanguage":"de"},{"@type":"Organization","@id":"https:\/\/kraft-bauer.com\/#organization","name":"Kraft & Bauer Brandschutzsysteme GmbH","url":"https:\/\/kraft-bauer.com\/","logo":{"@type":"ImageObject","inLanguage":"de","@id":"https:\/\/kraft-bauer.com\/#\/schema\/logo\/image\/","url":"https:\/\/kraft-bauer.com\/wp-content\/uploads\/2020\/07\/cropped-logo_header-scaled-2.jpg","contentUrl":"https:\/\/kraft-bauer.com\/wp-content\/uploads\/2020\/07\/cropped-logo_header-scaled-2.jpg","width":2491,"height":735,"caption":"Kraft & Bauer Brandschutzsysteme GmbH"},"image":{"@id":"https:\/\/kraft-bauer.com\/#\/schema\/logo\/image\/"}}]}},"_links":{"self":[{"href":"https:\/\/kraft-bauer.com\/index.php?rest_route=\/wp\/v2\/pages\/837","targetHints":{"allow":["GET"]}}],"collection":[{"href":"https:\/\/kraft-bauer.com\/index.php?rest_route=\/wp\/v2\/pages"}],"about":[{"href":"https:\/\/kraft-bauer.com\/index.php?rest_route=\/wp\/v2\/types\/page"}],"author":[{"embeddable":true,"href":"https:\/\/kraft-bauer.com\/index.php?rest_route=\/wp\/v2\/users\/1"}],"replies":[{"embeddable":true,"href":"https:\/\/kraft-bauer.com\/index.php?rest_route=%2Fwp%2Fv2%2Fcomments&post=837"}],"version-history":[{"count":2,"href":"https:\/\/kraft-bauer.com\/index.php?rest_route=\/wp\/v2\/pages\/837\/revisions"}],"predecessor-version":[{"id":1213,"href":"https:\/\/kraft-bauer.com\/index.php?rest_route=\/wp\/v2\/pages\/837\/revisions\/1213"}],"up":[{"embeddable":true,"href":"https:\/\/kraft-bauer.com\/index.php?rest_route=\/wp\/v2\/pages\/643"}],"wp:attachment":[{"href":"https:\/\/kraft-bauer.com\/index.php?rest_route=%2Fwp%2Fv2%2Fmedia&parent=837"}],"curies":[{"name":"wp","href":"https:\/\/api.w.org\/{rel}","templated":true}]}}