{"id":825,"date":"2020-07-06T12:39:16","date_gmt":"2020-07-06T12:39:16","guid":{"rendered":"https:\/\/kraft-bauer.com\/?page_id=825"},"modified":"2020-07-21T06:35:35","modified_gmt":"2020-07-21T06:35:35","slug":"pulverfeuerloescher-shg","status":"publish","type":"page","link":"https:\/\/kraft-bauer.com\/?page_id=825","title":{"rendered":"Pulverfeuerloescher SHG"},"content":{"rendered":"<div data-colibri-id=\"825-c1\" class=\"style-874 style-local-825-c1 position-relative\">\r\n  <!---->\r\n  <div data-colibri-component=\"section\" data-colibri-id=\"825-c2\" id=\"initial-content\" class=\"h-section h-section-global-spacing d-flex align-items-lg-center align-items-md-center align-items-center style-875 style-local-825-c2 position-relative\">\r\n    <!---->\r\n    <!---->\r\n    <div class=\"h-section-grid-container h-section-boxed-container\">\r\n      <!---->\r\n      <div data-colibri-id=\"825-c19\" class=\"h-row-container gutters-row-lg-2 gutters-row-md-2 gutters-row-0 gutters-row-v-lg-2 gutters-row-v-md-2 gutters-row-v-2 style-894 style-local-825-c19 position-relative\">\r\n        <!---->\r\n        <div class=\"h-row justify-content-lg-center justify-content-md-center justify-content-center align-items-lg-stretch align-items-md-stretch align-items-stretch gutters-col-lg-2 gutters-col-md-2 gutters-col-0 gutters-col-v-lg-2 gutters-col-v-md-2 gutters-col-v-2\">\r\n          <!---->\r\n          <div class=\"h-column h-column-container d-flex h-col-lg-auto h-col-md-auto h-col-auto style-895-outer style-local-825-c20-outer\">\r\n            <div data-colibri-id=\"825-c20\" class=\"d-flex h-flex-basis h-column__inner h-px-lg-2 h-px-md-2 h-px-2 v-inner-lg-2 v-inner-md-2 v-inner-2 style-895 style-local-825-c20 position-relative\">\r\n              <!---->\r\n              <!---->\r\n              <div class=\"w-100 h-y-container h-column__content h-column__v-align flex-basis-100 align-self-lg-start align-self-md-start align-self-start\">\r\n                <!---->\r\n                <div data-colibri-id=\"825-c21\" class=\"h-text h-text-component style-896 style-local-825-c21 position-relative h-element\">\r\n                  <!---->\r\n                  <!---->\r\n                  <div class=\"\">\r\n                    <h3>\r\n                      <a href=\"https:\/\/loeschanlage.com\/de\/feuerloescher\/handger%C3%A4te\/pulverfeuerloescher-shg\" style=\"font-weight: 300; color: rgb(150, 33, 37);\" class=\"customize-unpreviewable\">PULVERFEUERL\u00d6SCHER SHG<\/a>\r\n                    <\/h3>\r\n                  <\/div>\r\n                <\/div>\r\n              <\/div>\r\n            <\/div>\r\n          <\/div>\r\n        <\/div>\r\n      <\/div>\r\n      <div data-colibri-id=\"825-c22\" class=\"h-row-container gutters-row-lg-2 gutters-row-md-2 gutters-row-0 gutters-row-v-lg-2 gutters-row-v-md-2 gutters-row-v-2 style-899 style-local-825-c22 position-relative\">\r\n        <!---->\r\n        <div class=\"h-row justify-content-lg-center justify-content-md-center justify-content-center align-items-lg-stretch align-items-md-stretch align-items-stretch gutters-col-lg-2 gutters-col-md-2 gutters-col-0 gutters-col-v-lg-2 gutters-col-v-md-2 gutters-col-v-2\">\r\n          <!---->\r\n          <div class=\"h-column h-column-container d-flex h-col-lg-auto h-col-md-auto h-col-auto style-900-outer style-local-825-c23-outer\">\r\n            <div data-colibri-id=\"825-c23\" class=\"d-flex h-flex-basis h-column__inner h-px-lg-2 h-px-md-2 h-px-2 v-inner-lg-2 v-inner-md-2 v-inner-2 style-900 style-local-825-c23 position-relative\">\r\n              <!---->\r\n              <!---->\r\n              <div class=\"w-100 h-y-container h-column__content h-column__v-align flex-basis-100 align-self-lg-start align-self-md-start align-self-start\">\r\n                <!---->\r\n                <div data-colibri-id=\"825-c24\" class=\"h-divider style-898 style-local-825-c24 position-relative h-element\">\r\n                  <!----><span class=\"h-divider__line style-898-line style-local-825-c24-line style-898-line style-local-825-c24-line\"><\/span><\/div>\r\n              <\/div>\r\n            <\/div>\r\n          <\/div>\r\n        <\/div>\r\n      <\/div>\r\n      <div data-colibri-id=\"825-c6\" class=\"h-row-container gutters-row-lg-2 gutters-row-md-2 gutters-row-0 gutters-row-v-lg-2 gutters-row-v-md-2 gutters-row-v-2 style-879 style-local-825-c6 position-relative\">\r\n        <!---->\r\n        <div class=\"h-row justify-content-lg-center justify-content-md-center justify-content-center align-items-lg-stretch align-items-md-stretch align-items-stretch gutters-col-lg-2 gutters-col-md-2 gutters-col-0 gutters-col-v-lg-2 gutters-col-v-md-2 gutters-col-v-2\">\r\n          <!---->\r\n          <div class=\"h-column h-column-container d-flex h-col-lg-auto h-col-md-auto h-col-auto style-880-outer style-local-825-c7-outer\">\r\n            <div data-colibri-id=\"825-c7\" class=\"d-flex h-flex-basis h-column__inner h-px-lg-2 h-px-md-2 h-px-2 v-inner-lg-2 v-inner-md-2 v-inner-2 style-880 style-local-825-c7 position-relative\">\r\n              <!---->\r\n              <!---->\r\n              <div class=\"w-100 h-y-container h-column__content h-column__v-align flex-basis-100 align-self-lg-start align-self-md-start align-self-start\">\r\n                <!---->\r\n                <div data-colibri-id=\"825-c8\" class=\"h-text h-text-component style-882 style-local-825-c8 position-relative h-element\">\r\n                  <!---->\r\n                  <!---->\r\n                  <div class=\"\">\r\n                    <p><strong>Das Wichtigeste in K\u00fcrze:<\/strong><\/p>\r\n                    <ul>\r\n                      <li>Temperaturfunktionsbereich: +60\u00b0C bis -30\u00b0C<\/li>\r\n                      <li>Hohe L\u00f6schleistung<\/li>\r\n                      <li>Ausr\u00fcstung mit abstellbarer L\u00f6schpistole<\/li>\r\n                      <li>Bew\u00e4hrt im industriellen Einsatz<\/li>\r\n                      <li>Industrie<\/li>\r\n                      <li>Handel<\/li>\r\n                      <li>Hotel<\/li>\r\n                      <li>Wohnbereich<\/li>\r\n                      <li>Schulen<\/li>\r\n                      <li>Kinderg\u00e4rten<\/li>\r\n                    <\/ul>\r\n                  <\/div>\r\n                <\/div>\r\n              <\/div>\r\n            <\/div>\r\n          <\/div>\r\n        <\/div>\r\n      <\/div>\r\n      <div data-colibri-id=\"825-c9\" class=\"h-row-container gutters-row-lg-2 gutters-row-md-2 gutters-row-0 gutters-row-v-lg-2 gutters-row-v-md-2 gutters-row-v-2 style-884 style-local-825-c9 position-relative\">\r\n        <!---->\r\n        <div class=\"h-row justify-content-lg-center justify-content-md-center justify-content-center align-items-lg-stretch align-items-md-stretch align-items-stretch gutters-col-lg-2 gutters-col-md-2 gutters-col-0 gutters-col-v-lg-2 gutters-col-v-md-2 gutters-col-v-2\">\r\n          <!---->\r\n          <div class=\"h-column h-column-container d-flex h-col-lg-auto h-col-md-auto h-col-auto style-885-outer style-local-825-c10-outer\">\r\n            <div data-colibri-id=\"825-c10\" class=\"d-flex h-flex-basis h-column__inner h-px-lg-2 h-px-md-2 h-px-2 v-inner-lg-2 v-inner-md-2 v-inner-2 style-885 style-local-825-c10 position-relative\">\r\n              <!---->\r\n              <!---->\r\n              <div class=\"w-100 h-y-container h-column__content h-column__v-align flex-basis-100 align-self-lg-start align-self-md-start align-self-start\">\r\n                <!---->\r\n                <div data-colibri-id=\"825-c11\" class=\"d-block style-887 style-local-825-c11 position-relative h-element\">\r\n                  <!---->\r\n                  <div class=\"h-image__frame-container-outer\">\r\n                    <div class=\"h-image__frame-container\">\r\n                      <!---->\r\n                      <!---->\r\n                      <img decoding=\"async\" width=\"166\" height=\"250\" src=\"https:\/\/kraft-bauer.com\/wp-content\/uploads\/2020\/07\/cropped-shg-2.jpg\" class=\"wp-image-1078 style-887-image style-local-825-c11-image\" alt=\"SHG\" \/>\r\n                      <div class=\"h-image__frame h-hide-lg h-hide-md h-hide-sm style-887-frameImage style-local-825-c11-frameImage\"><\/div>\r\n                    <\/div>\r\n                  <\/div>\r\n                <\/div>\r\n              <\/div>\r\n            <\/div>\r\n          <\/div>\r\n          <div class=\"h-column h-column-container d-flex h-col-lg-auto h-col-md-auto h-col-auto style-886-outer style-local-825-c12-outer\">\r\n            <div data-colibri-id=\"825-c12\" class=\"d-flex h-flex-basis h-column__inner h-ui-empty-state-container h-px-lg-2 h-px-md-2 h-px-2 v-inner-lg-2 v-inner-md-2 v-inner-2 style-886 style-local-825-c12 position-relative\">\r\n              <!---->\r\n              <!---->\r\n              <div class=\"w-100 h-y-container h-column__content h-column__v-align flex-basis-100\">\r\n                <!---->\r\n              <\/div>\r\n            <\/div>\r\n          <\/div>\r\n        <\/div>\r\n      <\/div>\r\n      <div data-colibri-id=\"825-c13\" class=\"h-row-container gutters-row-lg-2 gutters-row-md-2 gutters-row-0 gutters-row-v-lg-2 gutters-row-v-md-2 gutters-row-v-2 style-888 style-local-825-c13 position-relative\">\r\n        <!---->\r\n        <div class=\"h-row justify-content-lg-center justify-content-md-center justify-content-center align-items-lg-stretch align-items-md-stretch align-items-stretch gutters-col-lg-2 gutters-col-md-2 gutters-col-0 gutters-col-v-lg-2 gutters-col-v-md-2 gutters-col-v-2\">\r\n          <!---->\r\n          <div class=\"h-column h-column-container d-flex h-col-lg-auto h-col-md-auto h-col-auto style-889-outer style-local-825-c14-outer\">\r\n            <div data-colibri-id=\"825-c14\" class=\"d-flex h-flex-basis h-column__inner h-px-lg-2 h-px-md-2 h-px-2 v-inner-lg-2 v-inner-md-2 v-inner-2 style-889 style-local-825-c14 position-relative\">\r\n              <!---->\r\n              <!---->\r\n              <div class=\"w-100 h-y-container h-column__content h-column__v-align flex-basis-100 align-self-lg-start align-self-md-start align-self-start\">\r\n                <!---->\r\n                <div data-colibri-id=\"825-c15\" class=\"h-text h-text-component style-891 style-local-825-c15 position-relative h-element\">\r\n                  <!---->\r\n                  <!---->\r\n                  <div class=\"\">\r\n                    <p>Der Pulverl\u00f6scher&nbsp;SHG&nbsp;von Kraft &amp; Bauer hat einen Temperaturfunktionsbereich von +60\u00b0C bis -30\u00b0C und ist bew\u00e4hrt f\u00fcr den industriellen Einsatz. Dar\u00fcber hinaus bestitz er eine hohe L\u00f6schleistung, ist servicefreundlich\r\n                      und mit einer&nbsp;abstellbaren L\u00f6schpistole ausger\u00fcstet.<\/p>\r\n                    <p>Der Pulverl\u00f6scher&nbsp;SHG&nbsp;von Kraft &amp; Bauerfindet sowohl im privaten als auch im gewerblichen Bereich Anwendung. M\u00f6gliche Anwendungsbereiche sind Industrie, Handwerk, Gewerbe, Verwaltung, Hotel, Wohnbereich, Personen- und\r\n                      G\u00fcterverkehr, Schifffahrt, Feuerwehren, Schulen, Kinderg\u00e4rten, Kliniken&nbsp;und Landwirtschaft.<\/p>\r\n                    <p>\r\n                      <br>\r\n                    <\/p>\r\n                  <\/div>\r\n                <\/div>\r\n              <\/div>\r\n            <\/div>\r\n          <\/div>\r\n        <\/div>\r\n      <\/div>\r\n    <\/div>\r\n  <\/div>\r\n<\/div>","protected":false},"excerpt":{"rendered":"<p>PULVERFEUERL\u00d6SCHER SHG Das Wichtigeste in K\u00fcrze: Temperaturfunktionsbereich: +60\u00b0C bis -30\u00b0C Hohe L\u00f6schleistung Ausr\u00fcstung mit abstellbarer L\u00f6schpistole Bew\u00e4hrt im industriellen Einsatz Industrie Handel Hotel Wohnbereich Schulen Kinderg\u00e4rten Der Pulverl\u00f6scher&nbsp;SHG&nbsp;von Kraft &amp; Bauer hat einen Temperaturfunktionsbereich von +60\u00b0C bis -30\u00b0C und ist bew\u00e4hrt f\u00fcr den industriellen Einsatz. Dar\u00fcber hinaus bestitz er eine hohe L\u00f6schleistung, ist servicefreundlich und [&hellip;]<\/p>\n","protected":false},"author":1,"featured_media":0,"parent":641,"menu_order":0,"comment_status":"closed","ping_status":"closed","template":"page-templates\/full-width-page.php","meta":{"footnotes":""},"class_list":["post-825","page","type-page","status-publish","hentry"],"yoast_head":"<!-- This site is optimized with the Yoast SEO plugin v22.6 - https:\/\/yoast.com\/wordpress\/plugins\/seo\/ -->\n<title>Pulverfeuerloescher SHG - Kraft-Bauer<\/title>\n<meta name=\"description\" content=\"L\u00f6schanlagen und Feuerl\u00f6scher zur Brandvermeidung und -bek\u00e4mpfung. F\u00fcr die Sicherheit Ihrer Unternehmens- und Produktionsbereiche. Wir beraten Sie gerne info@kraft-bauer.com\" \/>\n<meta name=\"robots\" content=\"index, follow, max-snippet:-1, max-image-preview:large, max-video-preview:-1\" \/>\n<link rel=\"canonical\" href=\"https:\/\/kraft-bauer.com\/?page_id=825\" \/>\n<meta property=\"og:locale\" content=\"de_DE\" \/>\n<meta property=\"og:type\" content=\"article\" \/>\n<meta property=\"og:title\" content=\"Pulverfeuerloescher SHG - Kraft-Bauer\" \/>\n<meta property=\"og:description\" content=\"L\u00f6schanlagen und Feuerl\u00f6scher zur Brandvermeidung und -bek\u00e4mpfung. F\u00fcr die Sicherheit Ihrer Unternehmens- und Produktionsbereiche. Wir beraten Sie gerne info@kraft-bauer.com\" \/>\n<meta property=\"og:url\" content=\"https:\/\/kraft-bauer.com\/?page_id=825\" \/>\n<meta property=\"og:site_name\" content=\"Kraft-Bauer\" \/>\n<meta property=\"article:modified_time\" content=\"2020-07-21T06:35:35+00:00\" \/>\n<meta property=\"og:image\" content=\"https:\/\/kraft-bauer.com\/wp-content\/uploads\/2020\/07\/cropped-shg-2.jpg\" \/>\n<meta name=\"twitter:card\" content=\"summary_large_image\" \/>\n<meta name=\"twitter:label1\" content=\"Gesch\u00e4tzte Lesezeit\" \/>\n\t<meta name=\"twitter:data1\" content=\"1\u00a0Minute\" \/>\n<script type=\"application\/ld+json\" class=\"yoast-schema-graph\">{\"@context\":\"https:\/\/schema.org\",\"@graph\":[{\"@type\":\"WebPage\",\"@id\":\"https:\/\/kraft-bauer.com\/?page_id=825\",\"url\":\"https:\/\/kraft-bauer.com\/?page_id=825\",\"name\":\"Pulverfeuerloescher SHG - Kraft-Bauer\",\"isPartOf\":{\"@id\":\"https:\/\/kraft-bauer.com\/#website\"},\"primaryImageOfPage\":{\"@id\":\"https:\/\/kraft-bauer.com\/?page_id=825#primaryimage\"},\"image\":{\"@id\":\"https:\/\/kraft-bauer.com\/?page_id=825#primaryimage\"},\"thumbnailUrl\":\"https:\/\/kraft-bauer.com\/wp-content\/uploads\/2020\/07\/cropped-shg-2.jpg\",\"datePublished\":\"2020-07-06T12:39:16+00:00\",\"dateModified\":\"2020-07-21T06:35:35+00:00\",\"description\":\"L\u00f6schanlagen und Feuerl\u00f6scher zur Brandvermeidung und -bek\u00e4mpfung. F\u00fcr die Sicherheit Ihrer Unternehmens- und Produktionsbereiche. Wir beraten Sie gerne info@kraft-bauer.com\",\"breadcrumb\":{\"@id\":\"https:\/\/kraft-bauer.com\/?page_id=825#breadcrumb\"},\"inLanguage\":\"de\",\"potentialAction\":[{\"@type\":\"ReadAction\",\"target\":[\"https:\/\/kraft-bauer.com\/?page_id=825\"]}]},{\"@type\":\"ImageObject\",\"inLanguage\":\"de\",\"@id\":\"https:\/\/kraft-bauer.com\/?page_id=825#primaryimage\",\"url\":\"https:\/\/kraft-bauer.com\/wp-content\/uploads\/2020\/07\/cropped-shg-2.jpg\",\"contentUrl\":\"https:\/\/kraft-bauer.com\/wp-content\/uploads\/2020\/07\/cropped-shg-2.jpg\",\"width\":166,\"height\":250,\"caption\":\"SHG\"},{\"@type\":\"BreadcrumbList\",\"@id\":\"https:\/\/kraft-bauer.com\/?page_id=825#breadcrumb\",\"itemListElement\":[{\"@type\":\"ListItem\",\"position\":1,\"name\":\"Startseite\",\"item\":\"https:\/\/kraft-bauer.com\/\"},{\"@type\":\"ListItem\",\"position\":2,\"name\":\"Feuerl\u00f6scher\",\"item\":\"https:\/\/kraft-bauer.com\/?page_id=575\"},{\"@type\":\"ListItem\",\"position\":3,\"name\":\"Handger\u00e4te\",\"item\":\"https:\/\/kraft-bauer.com\/?page_id=641\"},{\"@type\":\"ListItem\",\"position\":4,\"name\":\"Pulverfeuerloescher SHG\"}]},{\"@type\":\"WebSite\",\"@id\":\"https:\/\/kraft-bauer.com\/#website\",\"url\":\"https:\/\/kraft-bauer.com\/\",\"name\":\"Kraft & Bauer Brandschutzsysteme GmbH\",\"description\":\"L\u00f6schanlagen und Feuerl\u00f6scher zur Brandvermeidung und -bek\u00e4mpfung. F\u00fcr die Sicherheit Ihrer Unternehmens- und Produktionsbereiche. Wir beraten Sie gerne info@kraft-bauer.com\",\"publisher\":{\"@id\":\"https:\/\/kraft-bauer.com\/#organization\"},\"potentialAction\":[{\"@type\":\"SearchAction\",\"target\":{\"@type\":\"EntryPoint\",\"urlTemplate\":\"https:\/\/kraft-bauer.com\/?s={search_term_string}\"},\"query-input\":\"required name=search_term_string\"}],\"inLanguage\":\"de\"},{\"@type\":\"Organization\",\"@id\":\"https:\/\/kraft-bauer.com\/#organization\",\"name\":\"Kraft & Bauer Brandschutzsysteme GmbH\",\"url\":\"https:\/\/kraft-bauer.com\/\",\"logo\":{\"@type\":\"ImageObject\",\"inLanguage\":\"de\",\"@id\":\"https:\/\/kraft-bauer.com\/#\/schema\/logo\/image\/\",\"url\":\"https:\/\/kraft-bauer.com\/wp-content\/uploads\/2020\/07\/cropped-logo_header-scaled-2.jpg\",\"contentUrl\":\"https:\/\/kraft-bauer.com\/wp-content\/uploads\/2020\/07\/cropped-logo_header-scaled-2.jpg\",\"width\":2491,\"height\":735,\"caption\":\"Kraft & Bauer Brandschutzsysteme GmbH\"},\"image\":{\"@id\":\"https:\/\/kraft-bauer.com\/#\/schema\/logo\/image\/\"}}]}<\/script>\n<!-- \/ Yoast SEO plugin. -->","yoast_head_json":{"title":"Pulverfeuerloescher SHG - Kraft-Bauer","description":"L\u00f6schanlagen und Feuerl\u00f6scher zur Brandvermeidung und -bek\u00e4mpfung. F\u00fcr die Sicherheit Ihrer Unternehmens- und Produktionsbereiche. Wir beraten Sie gerne info@kraft-bauer.com","robots":{"index":"index","follow":"follow","max-snippet":"max-snippet:-1","max-image-preview":"max-image-preview:large","max-video-preview":"max-video-preview:-1"},"canonical":"https:\/\/kraft-bauer.com\/?page_id=825","og_locale":"de_DE","og_type":"article","og_title":"Pulverfeuerloescher SHG - Kraft-Bauer","og_description":"L\u00f6schanlagen und Feuerl\u00f6scher zur Brandvermeidung und -bek\u00e4mpfung. F\u00fcr die Sicherheit Ihrer Unternehmens- und Produktionsbereiche. Wir beraten Sie gerne info@kraft-bauer.com","og_url":"https:\/\/kraft-bauer.com\/?page_id=825","og_site_name":"Kraft-Bauer","article_modified_time":"2020-07-21T06:35:35+00:00","og_image":[{"url":"https:\/\/kraft-bauer.com\/wp-content\/uploads\/2020\/07\/cropped-shg-2.jpg"}],"twitter_card":"summary_large_image","twitter_misc":{"Gesch\u00e4tzte Lesezeit":"1\u00a0Minute"},"schema":{"@context":"https:\/\/schema.org","@graph":[{"@type":"WebPage","@id":"https:\/\/kraft-bauer.com\/?page_id=825","url":"https:\/\/kraft-bauer.com\/?page_id=825","name":"Pulverfeuerloescher SHG - Kraft-Bauer","isPartOf":{"@id":"https:\/\/kraft-bauer.com\/#website"},"primaryImageOfPage":{"@id":"https:\/\/kraft-bauer.com\/?page_id=825#primaryimage"},"image":{"@id":"https:\/\/kraft-bauer.com\/?page_id=825#primaryimage"},"thumbnailUrl":"https:\/\/kraft-bauer.com\/wp-content\/uploads\/2020\/07\/cropped-shg-2.jpg","datePublished":"2020-07-06T12:39:16+00:00","dateModified":"2020-07-21T06:35:35+00:00","description":"L\u00f6schanlagen und Feuerl\u00f6scher zur Brandvermeidung und -bek\u00e4mpfung. F\u00fcr die Sicherheit Ihrer Unternehmens- und Produktionsbereiche. Wir beraten Sie gerne info@kraft-bauer.com","breadcrumb":{"@id":"https:\/\/kraft-bauer.com\/?page_id=825#breadcrumb"},"inLanguage":"de","potentialAction":[{"@type":"ReadAction","target":["https:\/\/kraft-bauer.com\/?page_id=825"]}]},{"@type":"ImageObject","inLanguage":"de","@id":"https:\/\/kraft-bauer.com\/?page_id=825#primaryimage","url":"https:\/\/kraft-bauer.com\/wp-content\/uploads\/2020\/07\/cropped-shg-2.jpg","contentUrl":"https:\/\/kraft-bauer.com\/wp-content\/uploads\/2020\/07\/cropped-shg-2.jpg","width":166,"height":250,"caption":"SHG"},{"@type":"BreadcrumbList","@id":"https:\/\/kraft-bauer.com\/?page_id=825#breadcrumb","itemListElement":[{"@type":"ListItem","position":1,"name":"Startseite","item":"https:\/\/kraft-bauer.com\/"},{"@type":"ListItem","position":2,"name":"Feuerl\u00f6scher","item":"https:\/\/kraft-bauer.com\/?page_id=575"},{"@type":"ListItem","position":3,"name":"Handger\u00e4te","item":"https:\/\/kraft-bauer.com\/?page_id=641"},{"@type":"ListItem","position":4,"name":"Pulverfeuerloescher SHG"}]},{"@type":"WebSite","@id":"https:\/\/kraft-bauer.com\/#website","url":"https:\/\/kraft-bauer.com\/","name":"Kraft & Bauer Brandschutzsysteme GmbH","description":"L\u00f6schanlagen und Feuerl\u00f6scher zur Brandvermeidung und -bek\u00e4mpfung. F\u00fcr die Sicherheit Ihrer Unternehmens- und Produktionsbereiche. Wir beraten Sie gerne info@kraft-bauer.com","publisher":{"@id":"https:\/\/kraft-bauer.com\/#organization"},"potentialAction":[{"@type":"SearchAction","target":{"@type":"EntryPoint","urlTemplate":"https:\/\/kraft-bauer.com\/?s={search_term_string}"},"query-input":"required name=search_term_string"}],"inLanguage":"de"},{"@type":"Organization","@id":"https:\/\/kraft-bauer.com\/#organization","name":"Kraft & Bauer Brandschutzsysteme GmbH","url":"https:\/\/kraft-bauer.com\/","logo":{"@type":"ImageObject","inLanguage":"de","@id":"https:\/\/kraft-bauer.com\/#\/schema\/logo\/image\/","url":"https:\/\/kraft-bauer.com\/wp-content\/uploads\/2020\/07\/cropped-logo_header-scaled-2.jpg","contentUrl":"https:\/\/kraft-bauer.com\/wp-content\/uploads\/2020\/07\/cropped-logo_header-scaled-2.jpg","width":2491,"height":735,"caption":"Kraft & Bauer Brandschutzsysteme GmbH"},"image":{"@id":"https:\/\/kraft-bauer.com\/#\/schema\/logo\/image\/"}}]}},"_links":{"self":[{"href":"https:\/\/kraft-bauer.com\/index.php?rest_route=\/wp\/v2\/pages\/825","targetHints":{"allow":["GET"]}}],"collection":[{"href":"https:\/\/kraft-bauer.com\/index.php?rest_route=\/wp\/v2\/pages"}],"about":[{"href":"https:\/\/kraft-bauer.com\/index.php?rest_route=\/wp\/v2\/types\/page"}],"author":[{"embeddable":true,"href":"https:\/\/kraft-bauer.com\/index.php?rest_route=\/wp\/v2\/users\/1"}],"replies":[{"embeddable":true,"href":"https:\/\/kraft-bauer.com\/index.php?rest_route=%2Fwp%2Fv2%2Fcomments&post=825"}],"version-history":[{"count":5,"href":"https:\/\/kraft-bauer.com\/index.php?rest_route=\/wp\/v2\/pages\/825\/revisions"}],"predecessor-version":[{"id":1095,"href":"https:\/\/kraft-bauer.com\/index.php?rest_route=\/wp\/v2\/pages\/825\/revisions\/1095"}],"up":[{"embeddable":true,"href":"https:\/\/kraft-bauer.com\/index.php?rest_route=\/wp\/v2\/pages\/641"}],"wp:attachment":[{"href":"https:\/\/kraft-bauer.com\/index.php?rest_route=%2Fwp%2Fv2%2Fmedia&parent=825"}],"curies":[{"name":"wp","href":"https:\/\/api.w.org\/{rel}","templated":true}]}}