{"id":678,"date":"2020-07-03T14:44:05","date_gmt":"2020-07-03T14:44:05","guid":{"rendered":"https:\/\/kraft-bauer.com\/?page_id=678"},"modified":"2024-06-10T13:43:06","modified_gmt":"2024-06-10T13:43:06","slug":"jobs","status":"publish","type":"page","link":"https:\/\/kraft-bauer.com\/?page_id=678","title":{"rendered":"Jobs"},"content":{"rendered":"<div data-colibri-id=\"678-c1\" class=\"style-800 style-local-678-c1 position-relative\">\n  <!---->\n  <div data-colibri-component=\"section\" data-colibri-id=\"678-c2\" id=\"initial-content\" class=\"h-section h-section-global-spacing d-flex align-items-lg-center align-items-md-center align-items-center style-801 style-local-678-c2 position-relative\">\n    <!---->\n    <!---->\n    <div class=\"h-section-grid-container h-section-boxed-container\">\n      <!---->\n      <div data-colibri-id=\"678-c3\" class=\"h-row-container gutters-row-lg-2 gutters-row-md-2 gutters-row-0 gutters-row-v-lg-2 gutters-row-v-md-2 gutters-row-v-2 style-809 style-local-678-c3 position-relative\">\n        <!---->\n        <div class=\"h-row justify-content-lg-center justify-content-md-center justify-content-center align-items-lg-stretch align-items-md-stretch align-items-stretch gutters-col-lg-2 gutters-col-md-2 gutters-col-0 gutters-col-v-lg-2 gutters-col-v-md-2 gutters-col-v-2\">\n          <!---->\n          <div class=\"h-column h-column-container d-flex h-col-lg-auto h-col-md-auto h-col-auto style-810-outer style-local-678-c4-outer\">\n            <div data-colibri-id=\"678-c4\" class=\"d-flex h-flex-basis h-column__inner h-px-lg-2 h-px-md-2 h-px-2 v-inner-lg-2 v-inner-md-2 v-inner-2 style-810 style-local-678-c4 position-relative\">\n              <!---->\n              <!---->\n              <div class=\"w-100 h-y-container h-column__content h-column__v-align flex-basis-100 align-self-lg-start align-self-md-start align-self-start\">\n                <!---->\n                <div data-colibri-id=\"678-c5\" class=\"h-text h-text-component style-812 style-local-678-c5 position-relative h-element\">\n                  <!---->\n                  <!---->\n                  <div class=\"\">\n                    <h3><span style=\"color: rgb(89, 18, 18);\">Aktuelle Stellenangebote<\/span><\/h3>\n                  <\/div>\n                <\/div>\n              <\/div>\n            <\/div>\n          <\/div>\n        <\/div>\n      <\/div>\n      <div data-colibri-id=\"678-c6\" class=\"h-row-container gutters-row-lg-2 gutters-row-md-2 gutters-row-0 gutters-row-v-lg-2 gutters-row-v-md-2 gutters-row-v-2 style-813 style-local-678-c6 position-relative\">\n        <!---->\n        <div class=\"h-row justify-content-lg-center justify-content-md-center justify-content-center align-items-lg-stretch align-items-md-stretch align-items-stretch gutters-col-lg-2 gutters-col-md-2 gutters-col-0 gutters-col-v-lg-2 gutters-col-v-md-2 gutters-col-v-2\">\n          <!---->\n          <div class=\"h-column h-column-container d-flex h-col-lg-auto h-col-md-auto h-col-auto style-814-outer style-local-678-c7-outer\">\n            <div data-colibri-id=\"678-c7\" class=\"d-flex h-flex-basis h-column__inner h-px-lg-2 h-px-md-2 h-px-2 v-inner-lg-2 v-inner-md-2 v-inner-2 style-814 style-local-678-c7 position-relative\">\n              <!---->\n              <!---->\n              <div class=\"w-100 h-y-container h-column__content h-column__v-align flex-basis-100 align-self-lg-start align-self-md-start align-self-start\">\n                <!---->\n                <div data-colibri-id=\"678-c8\" class=\"h-divider style-817 style-local-678-c8 position-relative h-element\">\n                  <!----><span class=\"h-divider__line style-817-line style-local-678-c8-line style-817-line style-local-678-c8-line\"><\/span><\/div>\n              <\/div>\n            <\/div>\n          <\/div>\n        <\/div>\n      <\/div>\n      <div data-colibri-id=\"678-c9\" class=\"h-row-container gutters-row-lg-2 gutters-row-md-2 gutters-row-0 gutters-row-v-lg-2 gutters-row-v-md-2 gutters-row-v-2 style-805 style-local-678-c9 position-relative\">\n        <!---->\n        <div class=\"h-row justify-content-lg-center justify-content-md-center justify-content-center align-items-lg-stretch align-items-md-stretch align-items-stretch gutters-col-lg-2 gutters-col-md-2 gutters-col-0 gutters-col-v-lg-2 gutters-col-v-md-2 gutters-col-v-2\">\n          <!---->\n          <div class=\"h-column h-column-container d-flex h-col-lg-auto h-col-md-auto h-col-auto style-806-outer style-local-678-c10-outer\">\n            <div data-colibri-id=\"678-c10\" class=\"d-flex h-flex-basis h-column__inner h-px-lg-2 h-px-md-2 h-px-2 v-inner-lg-2 v-inner-md-2 v-inner-2 style-806 style-local-678-c10 position-relative\">\n              <!---->\n              <!---->\n              <div class=\"w-100 h-y-container h-column__content h-column__v-align flex-basis-100 align-self-lg-start align-self-md-start align-self-start\">\n                <!---->\n                <div data-colibri-id=\"678-c11\" class=\"h-text h-text-component style-808 style-local-678-c11 position-relative h-element\">\n                  <!---->\n                  <!---->\n                  <div class=\"\">\n                    <p><strong style=\"font-size: 16px; font-family: Open Sans; color: rgb(70, 112, 127);\">Servicetechniker\/in Brandschutz (Deutschland)<\/strong><\/p>\n                    <p>(Besch\u00e4ftigungsgrad 100%)<\/p>\n                    <p>Sie sollten eine Ausbildung als Elektriker, Elektroniker, Elektromechaniker oder dergleichen abgeschlossen haben und fundierte handwerkliche F\u00e4higkeiten sowie, wenn m\u00f6glich, Erfahrungen im Maschinen- oder Anlagenbau besitzen. Ihre\n                      T\u00e4tigkeit bei uns setzt Eigeninitiative und Einsatzbereitschaft voraus. Sie ben\u00f6tigen einen PKW-F\u00fchrerschein, da Ihr Einsatzbereich mit&nbsp;Reiset\u00e4tigkeit verbunden sein wird. Ein Service\/Montage-Fahrzeug wird gestellt. Die Einarbeitung\n                      wird durch unsere Mitarbeiter vor Ort realisiert.<\/p>\n                    <p>Die Servicetechniker werden f\u00fcr folgende Kraft &amp; Bauer Standorte gesucht: (m\/w\/d)\n                      <br>\n                    <\/p>\n                    <p>Brandschutztechniker f\u00fcr das Gebiet Chemnitz\/Sachsen (m\/w\/d)\n                      <br>\n                    <\/p>\n                    <p>Brandschutztechniker f\u00fcr das Gebiet Saarland (m\/w\/d)\n                      <br>\n                    <\/p>\n                    <p>Brandschutztechniker f\u00fcr das Gebiet Rhein-Main, Mannheim, (m\/w\/d)\n                      <br>\n                    <\/p>\n                    <p>Brandschutztechniker f\u00fcr das Gebiet Sachsen\/Vogtland (m\/w\/d)\n                      <br>\n                    <\/p>\n                    <p>Brandschutztechniker f\u00fcr das Gebiet Karlsruhe\/Freiburg (m\/w\/d)\n                      <br>\n                    <\/p>\n                    <p>Brandschutztechniker f\u00fcr das Gebiet B\u00f6blingen\/Sindelfingen (m\/w\/d)\n                      <br>\n                    <\/p>\n                    <p>Brandschutztechniker f\u00fcr das Gebiet Wehingen\/Tuttlingen (m\/w\/d)\n                      <br>\n                    <\/p>\n                    <p>Bitte senden Sie Ihre Bewerbungsunterlagen nur per Email an Herrn Frank Foddi<\/p>\n                    <p>bewerbung@kraft-bauer.com<\/p>\n                    <p>\n                      <br>\n                    <\/p>\n                    <p><strong style=\"color: rgb(70, 112, 127); font-family: Open Sans; font-size: 16px;\">Servicetechniker\/in Brandschutz (Schweiz)<\/strong><\/p>\n                    <p>(Besch\u00e4ftigungsgrad 100%)<\/p>\n                    <p>Sie sollten eine Ausbildung als Elektriker, Elektroniker, Elektromechaniker oder dergleichen abgeschlossen haben und fundierte handwerkliche F\u00e4higkeiten sowie, wenn m\u00f6glich, Erfahrungen im Maschinen- oder Anlagenbau besitzen. Kenntnisse\n                      in den Sprachen Franz\u00f6sisch ist Voraussetzung, Italienisch w\u00e4re w\u00fcnschenswert. Ihre T\u00e4tigkeit bei uns setzt Eigeninitiative und Einsatzbereitschaft voraus. Sie ben\u00f6tigen einen PKW-F\u00fchrerschein, da Ihr Einsatzbereich mit&nbsp;Reiset\u00e4tigkeit\n                      verbunden sein wird. Ein Service\/Montage-Fahrzeug wird gestellt. Die Einarbeitung wird durch unsere Mitarbeiter vor Ort realisiert.<\/p>\n                    <p>Bitte senden Sie Ihre Bewerbungsunterlagen nur per Email an Herrn Frank Foddi<\/p>\n                    <p>bewerbung.ch@kraft-bauer.com<\/p>\n                    <p>\n                      <br>\n                    <\/p>\n                    <p><strong style=\"color: rgb(70, 112, 127); font-family: Open Sans; font-size: 16px;\">Industriekauffrau\/-mann&nbsp;(Deutschland)<\/strong><\/p>\n                    <p>(Besch\u00e4ftigungsgrad 100%)<\/p>\n                    <p>Zur Verst\u00e4rkung unseres Teams suchen wir am Standort Holzgerlingen ein\/e Industriekauffrau\/-mann.<\/p>\n                    <p>Sie sollten eine Ausbildung als Industriekauffrau\/mann oder vergleichbar erfolgreich abgeschlossen haben.<\/p>\n                    <p>Bitte senden Sie Ihre Bewerbungsunterlagen nur per Email an Herrn Frank Foddi<\/p>\n                    <p>\n                      <a href=\"mailto:bewerbung@kraft-bauer.com\" style=\"color: rgb(217, 48, 53); font-size: 1em; font-weight: 300; font-family: Open Sans;\">bewerbung@kraft-bauer.com<\/a>\n                    <\/p>\n                    <p>\n                      <br>\n                    <\/p>\n                    <p><strong style=\"font-size: 16px; font-family: Open Sans; color: rgb(70, 112, 127);\">Ausbildung zur\/zum Industriekauffrau\/-mann&nbsp;(Deutschland)<\/strong><\/p>\n                    <p>Zur Verst\u00e4rkung unseres Teams suchen wir am Standort Holzgerlingen junge Talente zur Ausbildung als Industriekauffrau\/-mann.<\/p>\n                    <p>Bitte senden Sie Ihre Bewerbungsunterlagen nur per Email an Herrn Frank Foddi<\/p>\n                    <p>\n                      <a href=\"mailto:bewerbung@kraft-bauer.com\" style=\"color: rgb(217, 48, 53); font-size: 1em; font-weight: 300; font-family: Open Sans;\">bewerbung@kraft-bauer.com<\/a>\n                    <\/p>\n                    <p>\n                      <br>\n                    <\/p>\n                    <p><span style=\"font-weight: 400; font-size: 16px; font-family: Open Sans; color: rgb(70, 112, 127);\">\ufeff<\/span><strong style=\"font-size: 16px; font-family: Open Sans; color: rgb(70, 112, 127);\">Ausbildung zur Fachkraft Lagerlogistik&nbsp;(Deutschland)<\/strong><\/p>\n                    <p>Zur Verst\u00e4rkung unseres Teams suchen wir am Standort Holzgerlingen junge Talente zur Ausbildung als Lagerfachkraft.<\/p>\n                    <p>Bitte senden Sie Ihre Bewerbungsunterlagen nur per Email an Herrn Frank Foddi<\/p>\n                    <p>\n                      <a href=\"mailto:bewerbung@kraft-bauer.com\" style=\"color: rgb(217, 48, 53); font-size: 1em; font-weight: 300; font-family: Open Sans;\">bewerbung@kraft-bauer.com<\/a>\n                    <\/p>\n                    <p>\n                      <br>\n                    <\/p>\n                    <p><strong>Technischer Zeichner (m\/w) <\/strong><strong style=\"font-size: 16px; font-family: Open Sans; color: rgb(70, 112, 127);\">&nbsp;(Deutschland)<\/strong><\/p>\n                    <p>Teilzeit \/ Aushilfe<\/p>\n                    <p>Erstellung von Schaltpl\u00e4nen und Konstruktionszeichnungen 3D\n                      <br>abgeschlossene Berufsausbildung als Technischer Zeichner\n                      <br>CAD-Erfahrung in 3D<\/p>\n                    <p>Bitte senden Sie Ihre Bewerbungsunterlagen nur per Email an Herrn Frank Foddi<\/p>\n                    <p>\n                      <a href=\"mailto:bewerbung@kraft-bauer.com\" style=\"color: rgb(217, 48, 53); font-weight: 300;\">bewerbung@kraft-bauer.com<\/a>\n                    <\/p>\n                  <\/div>\n                <\/div>\n              <\/div>\n            <\/div>\n          <\/div>\n        <\/div>\n      <\/div>\n    <\/div>\n  <\/div>\n<\/div>","protected":false},"excerpt":{"rendered":"<p>Aktuelle Stellenangebote Servicetechniker\/in Brandschutz (Deutschland) (Besch\u00e4ftigungsgrad 100%) Sie sollten eine Ausbildung als Elektriker, Elektroniker, Elektromechaniker oder dergleichen abgeschlossen haben und fundierte handwerkliche F\u00e4higkeiten sowie, wenn m\u00f6glich, Erfahrungen im Maschinen- oder Anlagenbau besitzen. Ihre T\u00e4tigkeit bei uns setzt Eigeninitiative und Einsatzbereitschaft voraus. Sie ben\u00f6tigen einen PKW-F\u00fchrerschein, da Ihr Einsatzbereich mit&nbsp;Reiset\u00e4tigkeit verbunden sein wird. Ein Service\/Montage-Fahrzeug wird [&hellip;]<\/p>\n","protected":false},"author":1,"featured_media":0,"parent":0,"menu_order":0,"comment_status":"closed","ping_status":"closed","template":"page-templates\/full-width-page.php","meta":{"footnotes":""},"class_list":["post-678","page","type-page","status-publish","hentry"],"yoast_head":"<!-- This site is optimized with the Yoast SEO plugin v22.6 - https:\/\/yoast.com\/wordpress\/plugins\/seo\/ -->\n<title>Aktuelle Stellenangebote bei Kraft &amp; Bauer<\/title>\n<meta name=\"description\" content=\"Wir suchen regelm\u00e4\u00dfig: \u2714\ufe0fServicetechniker\/in Brandschutz (m\/w\/d) \u2714\ufe0fIndustriekauffrau\/-mann (m\/w\/d) \u2714\ufe0fTechnische Zeichner (m\/w\/d) \u2714\ufe0fWir freuen uns auf Deine Bewerbung bewerbung@kraft-bauer.com\" \/>\n<meta name=\"robots\" content=\"index, follow, max-snippet:-1, max-image-preview:large, max-video-preview:-1\" \/>\n<link rel=\"canonical\" href=\"https:\/\/kraft-bauer.com\/?page_id=678\" \/>\n<meta property=\"og:locale\" content=\"de_DE\" \/>\n<meta property=\"og:type\" content=\"article\" \/>\n<meta property=\"og:title\" content=\"Aktuelle Stellenangebote bei Kraft &amp; Bauer\" \/>\n<meta property=\"og:description\" content=\"Wir suchen regelm\u00e4\u00dfig: \u2714\ufe0fServicetechniker\/in Brandschutz (m\/w\/d) \u2714\ufe0fIndustriekauffrau\/-mann (m\/w\/d) \u2714\ufe0fTechnische Zeichner (m\/w\/d) \u2714\ufe0fWir freuen uns auf Deine Bewerbung bewerbung@kraft-bauer.com\" \/>\n<meta property=\"og:url\" content=\"https:\/\/kraft-bauer.com\/?page_id=678\" \/>\n<meta property=\"og:site_name\" content=\"Kraft-Bauer\" \/>\n<meta property=\"article:modified_time\" content=\"2024-06-10T13:43:06+00:00\" \/>\n<meta name=\"twitter:card\" content=\"summary_large_image\" \/>\n<meta name=\"twitter:label1\" content=\"Gesch\u00e4tzte Lesezeit\" \/>\n\t<meta name=\"twitter:data1\" content=\"2\u00a0Minuten\" \/>\n<script type=\"application\/ld+json\" class=\"yoast-schema-graph\">{\"@context\":\"https:\/\/schema.org\",\"@graph\":[{\"@type\":\"WebPage\",\"@id\":\"https:\/\/kraft-bauer.com\/?page_id=678\",\"url\":\"https:\/\/kraft-bauer.com\/?page_id=678\",\"name\":\"Aktuelle Stellenangebote bei Kraft & Bauer\",\"isPartOf\":{\"@id\":\"https:\/\/kraft-bauer.com\/#website\"},\"datePublished\":\"2020-07-03T14:44:05+00:00\",\"dateModified\":\"2024-06-10T13:43:06+00:00\",\"description\":\"Wir suchen regelm\u00e4\u00dfig: \u2714\ufe0fServicetechniker\/in Brandschutz (m\/w\/d) \u2714\ufe0fIndustriekauffrau\/-mann (m\/w\/d) \u2714\ufe0fTechnische Zeichner (m\/w\/d) \u2714\ufe0fWir freuen uns auf Deine Bewerbung bewerbung@kraft-bauer.com\",\"breadcrumb\":{\"@id\":\"https:\/\/kraft-bauer.com\/?page_id=678#breadcrumb\"},\"inLanguage\":\"de\",\"potentialAction\":[{\"@type\":\"ReadAction\",\"target\":[\"https:\/\/kraft-bauer.com\/?page_id=678\"]}]},{\"@type\":\"BreadcrumbList\",\"@id\":\"https:\/\/kraft-bauer.com\/?page_id=678#breadcrumb\",\"itemListElement\":[{\"@type\":\"ListItem\",\"position\":1,\"name\":\"Startseite\",\"item\":\"https:\/\/kraft-bauer.com\/\"},{\"@type\":\"ListItem\",\"position\":2,\"name\":\"Jobs\"}]},{\"@type\":\"WebSite\",\"@id\":\"https:\/\/kraft-bauer.com\/#website\",\"url\":\"https:\/\/kraft-bauer.com\/\",\"name\":\"Kraft & Bauer Brandschutzsysteme GmbH\",\"description\":\"L\u00f6schanlagen und Feuerl\u00f6scher zur Brandvermeidung und -bek\u00e4mpfung. F\u00fcr die Sicherheit Ihrer Unternehmens- und Produktionsbereiche. Wir beraten Sie gerne info@kraft-bauer.com\",\"publisher\":{\"@id\":\"https:\/\/kraft-bauer.com\/#organization\"},\"potentialAction\":[{\"@type\":\"SearchAction\",\"target\":{\"@type\":\"EntryPoint\",\"urlTemplate\":\"https:\/\/kraft-bauer.com\/?s={search_term_string}\"},\"query-input\":\"required name=search_term_string\"}],\"inLanguage\":\"de\"},{\"@type\":\"Organization\",\"@id\":\"https:\/\/kraft-bauer.com\/#organization\",\"name\":\"Kraft & Bauer Brandschutzsysteme GmbH\",\"url\":\"https:\/\/kraft-bauer.com\/\",\"logo\":{\"@type\":\"ImageObject\",\"inLanguage\":\"de\",\"@id\":\"https:\/\/kraft-bauer.com\/#\/schema\/logo\/image\/\",\"url\":\"https:\/\/kraft-bauer.com\/wp-content\/uploads\/2020\/07\/cropped-logo_header-scaled-2.jpg\",\"contentUrl\":\"https:\/\/kraft-bauer.com\/wp-content\/uploads\/2020\/07\/cropped-logo_header-scaled-2.jpg\",\"width\":2491,\"height\":735,\"caption\":\"Kraft & Bauer Brandschutzsysteme GmbH\"},\"image\":{\"@id\":\"https:\/\/kraft-bauer.com\/#\/schema\/logo\/image\/\"}}]}<\/script>\n<!-- \/ Yoast SEO plugin. -->","yoast_head_json":{"title":"Aktuelle Stellenangebote bei Kraft & Bauer","description":"Wir suchen regelm\u00e4\u00dfig: \u2714\ufe0fServicetechniker\/in Brandschutz (m\/w\/d) \u2714\ufe0fIndustriekauffrau\/-mann (m\/w\/d) \u2714\ufe0fTechnische Zeichner (m\/w\/d) \u2714\ufe0fWir freuen uns auf Deine Bewerbung bewerbung@kraft-bauer.com","robots":{"index":"index","follow":"follow","max-snippet":"max-snippet:-1","max-image-preview":"max-image-preview:large","max-video-preview":"max-video-preview:-1"},"canonical":"https:\/\/kraft-bauer.com\/?page_id=678","og_locale":"de_DE","og_type":"article","og_title":"Aktuelle Stellenangebote bei Kraft & Bauer","og_description":"Wir suchen regelm\u00e4\u00dfig: \u2714\ufe0fServicetechniker\/in Brandschutz (m\/w\/d) \u2714\ufe0fIndustriekauffrau\/-mann (m\/w\/d) \u2714\ufe0fTechnische Zeichner (m\/w\/d) \u2714\ufe0fWir freuen uns auf Deine Bewerbung bewerbung@kraft-bauer.com","og_url":"https:\/\/kraft-bauer.com\/?page_id=678","og_site_name":"Kraft-Bauer","article_modified_time":"2024-06-10T13:43:06+00:00","twitter_card":"summary_large_image","twitter_misc":{"Gesch\u00e4tzte Lesezeit":"2\u00a0Minuten"},"schema":{"@context":"https:\/\/schema.org","@graph":[{"@type":"WebPage","@id":"https:\/\/kraft-bauer.com\/?page_id=678","url":"https:\/\/kraft-bauer.com\/?page_id=678","name":"Aktuelle Stellenangebote bei Kraft & Bauer","isPartOf":{"@id":"https:\/\/kraft-bauer.com\/#website"},"datePublished":"2020-07-03T14:44:05+00:00","dateModified":"2024-06-10T13:43:06+00:00","description":"Wir suchen regelm\u00e4\u00dfig: \u2714\ufe0fServicetechniker\/in Brandschutz (m\/w\/d) \u2714\ufe0fIndustriekauffrau\/-mann (m\/w\/d) \u2714\ufe0fTechnische Zeichner (m\/w\/d) \u2714\ufe0fWir freuen uns auf Deine Bewerbung bewerbung@kraft-bauer.com","breadcrumb":{"@id":"https:\/\/kraft-bauer.com\/?page_id=678#breadcrumb"},"inLanguage":"de","potentialAction":[{"@type":"ReadAction","target":["https:\/\/kraft-bauer.com\/?page_id=678"]}]},{"@type":"BreadcrumbList","@id":"https:\/\/kraft-bauer.com\/?page_id=678#breadcrumb","itemListElement":[{"@type":"ListItem","position":1,"name":"Startseite","item":"https:\/\/kraft-bauer.com\/"},{"@type":"ListItem","position":2,"name":"Jobs"}]},{"@type":"WebSite","@id":"https:\/\/kraft-bauer.com\/#website","url":"https:\/\/kraft-bauer.com\/","name":"Kraft & Bauer Brandschutzsysteme GmbH","description":"L\u00f6schanlagen und Feuerl\u00f6scher zur Brandvermeidung und -bek\u00e4mpfung. F\u00fcr die Sicherheit Ihrer Unternehmens- und Produktionsbereiche. Wir beraten Sie gerne info@kraft-bauer.com","publisher":{"@id":"https:\/\/kraft-bauer.com\/#organization"},"potentialAction":[{"@type":"SearchAction","target":{"@type":"EntryPoint","urlTemplate":"https:\/\/kraft-bauer.com\/?s={search_term_string}"},"query-input":"required name=search_term_string"}],"inLanguage":"de"},{"@type":"Organization","@id":"https:\/\/kraft-bauer.com\/#organization","name":"Kraft & Bauer Brandschutzsysteme GmbH","url":"https:\/\/kraft-bauer.com\/","logo":{"@type":"ImageObject","inLanguage":"de","@id":"https:\/\/kraft-bauer.com\/#\/schema\/logo\/image\/","url":"https:\/\/kraft-bauer.com\/wp-content\/uploads\/2020\/07\/cropped-logo_header-scaled-2.jpg","contentUrl":"https:\/\/kraft-bauer.com\/wp-content\/uploads\/2020\/07\/cropped-logo_header-scaled-2.jpg","width":2491,"height":735,"caption":"Kraft & Bauer Brandschutzsysteme GmbH"},"image":{"@id":"https:\/\/kraft-bauer.com\/#\/schema\/logo\/image\/"}}]}},"_links":{"self":[{"href":"https:\/\/kraft-bauer.com\/index.php?rest_route=\/wp\/v2\/pages\/678","targetHints":{"allow":["GET"]}}],"collection":[{"href":"https:\/\/kraft-bauer.com\/index.php?rest_route=\/wp\/v2\/pages"}],"about":[{"href":"https:\/\/kraft-bauer.com\/index.php?rest_route=\/wp\/v2\/types\/page"}],"author":[{"embeddable":true,"href":"https:\/\/kraft-bauer.com\/index.php?rest_route=\/wp\/v2\/users\/1"}],"replies":[{"embeddable":true,"href":"https:\/\/kraft-bauer.com\/index.php?rest_route=%2Fwp%2Fv2%2Fcomments&post=678"}],"version-history":[{"count":10,"href":"https:\/\/kraft-bauer.com\/index.php?rest_route=\/wp\/v2\/pages\/678\/revisions"}],"predecessor-version":[{"id":1792,"href":"https:\/\/kraft-bauer.com\/index.php?rest_route=\/wp\/v2\/pages\/678\/revisions\/1792"}],"wp:attachment":[{"href":"https:\/\/kraft-bauer.com\/index.php?rest_route=%2Fwp%2Fv2%2Fmedia&parent=678"}],"curies":[{"name":"wp","href":"https:\/\/api.w.org\/{rel}","templated":true}]}}