{"id":655,"date":"2020-07-03T14:18:21","date_gmt":"2020-07-03T14:18:21","guid":{"rendered":"https:\/\/kraft-bauer.com\/?page_id=655"},"modified":"2024-05-06T19:45:23","modified_gmt":"2024-05-06T19:45:23","slug":"brandschutzhelfer","status":"publish","type":"page","link":"https:\/\/kraft-bauer.com\/?page_id=655","title":{"rendered":"Brandschutzhelfer"},"content":{"rendered":"<div data-colibri-id=\"655-c1\" class=\"style-732 style-local-655-c1 position-relative\">\r\n  <!---->\r\n  <div data-colibri-component=\"section\" data-colibri-id=\"655-c2\" id=\"initial-content\" class=\"h-section h-section-global-spacing d-flex align-items-lg-center align-items-md-center align-items-center style-733 style-local-655-c2 position-relative\">\r\n    <!---->\r\n    <!---->\r\n    <div class=\"h-section-grid-container h-section-boxed-container\">\r\n      <!---->\r\n      <div data-colibri-id=\"655-c21\" class=\"h-row-container gutters-row-lg-2 gutters-row-md-2 gutters-row-0 gutters-row-v-lg-2 gutters-row-v-md-2 gutters-row-v-2 style-752 style-local-655-c21 position-relative\">\r\n        <!---->\r\n        <div class=\"h-row justify-content-lg-center justify-content-md-center justify-content-center align-items-lg-stretch align-items-md-stretch align-items-stretch gutters-col-lg-2 gutters-col-md-2 gutters-col-0 gutters-col-v-lg-2 gutters-col-v-md-2 gutters-col-v-2\">\r\n          <!---->\r\n          <div class=\"h-column h-column-container d-flex h-col-lg-auto h-col-md-auto h-col-auto style-753-outer style-local-655-c22-outer\">\r\n            <div data-colibri-id=\"655-c22\" class=\"d-flex h-flex-basis h-column__inner h-px-lg-2 h-px-md-2 h-px-2 v-inner-lg-2 v-inner-md-2 v-inner-2 style-753 style-local-655-c22 position-relative\">\r\n              <!---->\r\n              <!---->\r\n              <div class=\"w-100 h-y-container h-column__content h-column__v-align flex-basis-100 align-self-lg-start align-self-md-start align-self-start\">\r\n                <!---->\r\n                <div data-colibri-id=\"655-c24\" class=\"h-text h-text-component style-755 style-local-655-c24 position-relative h-element\">\r\n                  <!---->\r\n                  <!---->\r\n                  <div class=\"\">\r\n                    <h3>Brandschutzhelfer<\/h3>\r\n                  <\/div>\r\n                <\/div>\r\n              <\/div>\r\n            <\/div>\r\n          <\/div>\r\n        <\/div>\r\n      <\/div>\r\n      <div data-colibri-id=\"655-c25\" class=\"h-row-container gutters-row-lg-2 gutters-row-md-2 gutters-row-0 gutters-row-v-lg-2 gutters-row-v-md-2 gutters-row-v-2 style-756 style-local-655-c25 position-relative\">\r\n        <!---->\r\n        <div class=\"h-row justify-content-lg-center justify-content-md-center justify-content-center align-items-lg-stretch align-items-md-stretch align-items-stretch gutters-col-lg-2 gutters-col-md-2 gutters-col-0 gutters-col-v-lg-2 gutters-col-v-md-2 gutters-col-v-2\">\r\n          <!---->\r\n          <div class=\"h-column h-column-container d-flex h-col-lg-auto h-col-md-auto h-col-auto style-757-outer style-local-655-c26-outer\">\r\n            <div data-colibri-id=\"655-c26\" class=\"d-flex h-flex-basis h-column__inner h-px-lg-2 h-px-md-2 h-px-2 v-inner-lg-2 v-inner-md-2 v-inner-2 style-757 style-local-655-c26 position-relative\">\r\n              <!---->\r\n              <!---->\r\n              <div class=\"w-100 h-y-container h-column__content h-column__v-align flex-basis-100 align-self-lg-start align-self-md-start align-self-start\">\r\n                <!---->\r\n                <div data-colibri-id=\"655-c28\" class=\"h-divider style-760 style-local-655-c28 position-relative h-element\">\r\n                  <!----><span class=\"h-divider__line style-760-line style-local-655-c28-line style-760-line style-local-655-c28-line\"><\/span><\/div>\r\n              <\/div>\r\n            <\/div>\r\n          <\/div>\r\n        <\/div>\r\n      <\/div>\r\n      <div data-colibri-id=\"655-c6\" class=\"h-row-container gutters-row-lg-2 gutters-row-md-2 gutters-row-0 gutters-row-v-lg-2 gutters-row-v-md-2 gutters-row-v-2 style-737 style-local-655-c6 position-relative\">\r\n        <!---->\r\n        <div class=\"h-row justify-content-lg-center justify-content-md-center justify-content-center align-items-lg-stretch align-items-md-stretch align-items-stretch gutters-col-lg-2 gutters-col-md-2 gutters-col-0 gutters-col-v-lg-2 gutters-col-v-md-2 gutters-col-v-2\">\r\n          <!---->\r\n          <div class=\"h-column h-column-container d-flex h-col-lg-auto h-col-md-auto h-col-auto style-738-outer style-local-655-c7-outer\">\r\n            <div data-colibri-id=\"655-c7\" class=\"d-flex h-flex-basis h-column__inner h-px-lg-2 h-px-md-2 h-px-2 v-inner-lg-2 v-inner-md-2 v-inner-2 style-738 style-local-655-c7 position-relative\">\r\n              <!---->\r\n              <!---->\r\n              <div class=\"w-100 h-y-container h-column__content h-column__v-align flex-basis-100 align-self-lg-start align-self-md-start align-self-start\">\r\n                <!---->\r\n                <div data-colibri-id=\"655-c9\" class=\"d-block style-740 style-local-655-c9 position-relative h-element\">\r\n                  <!---->\r\n                  <div class=\"h-image__frame-container-outer\">\r\n                    <div class=\"h-image__frame-container\">\r\n                      <!---->\r\n                      <!---->\r\n                      <img decoding=\"async\" width=\"125\" height=\"120\" src=\"https:\/\/kraft-bauer.com\/wp-content\/uploads\/2020\/07\/cropped-feuerloeschtraining_1-1.jpg\" class=\"wp-image-959 style-740-image style-local-655-c9-image\" alt=\"Papierkorbbrand\" \/>\r\n                      <div class=\"h-image__frame h-hide-lg h-hide-md h-hide-sm style-740-frameImage style-local-655-c9-frameImage\"><\/div>\r\n                    <\/div>\r\n                  <\/div>\r\n                <\/div>\r\n                <div data-colibri-id=\"655-c10\" class=\"h-text h-text-component style-741 style-local-655-c10 position-relative h-element\">\r\n                  <!---->\r\n                  <!---->\r\n                  <div class=\"\">\r\n                    <p>Brandklasse A\r\n                      <br>Papierkorbbrand<\/p>\r\n                  <\/div>\r\n                <\/div>\r\n                <div data-colibri-id=\"655-c14\" class=\"d-block style-745 style-local-655-c14 position-relative h-element\">\r\n                  <!---->\r\n                  <div class=\"h-image__frame-container-outer\">\r\n                    <div class=\"h-image__frame-container\">\r\n                      <!---->\r\n                      <!---->\r\n                      <img decoding=\"async\" width=\"125\" height=\"120\" src=\"https:\/\/kraft-bauer.com\/wp-content\/uploads\/2020\/07\/cropped-feuerloeschtraining_2-1.jpg\" class=\"wp-image-960 style-745-image style-local-655-c14-image\" alt=\"Fl\u00fcssigkeitsbrand\" \/>\r\n                      <div class=\"h-image__frame h-hide-lg h-hide-md h-hide-sm style-745-frameImage style-local-655-c14-frameImage\"><\/div>\r\n                    <\/div>\r\n                  <\/div>\r\n                <\/div>\r\n                <div data-colibri-id=\"655-c15\" class=\"h-text h-text-component style-746 style-local-655-c15 position-relative h-element\">\r\n                  <!---->\r\n                  <!---->\r\n                  <div class=\"\">\r\n                    <p>Brandklasse B\r\n                      <br>Fl\u00fcssigkeitsbrand<\/p>\r\n                  <\/div>\r\n                <\/div>\r\n                <div data-colibri-id=\"655-c16\" class=\"d-block style-747 style-local-655-c16 position-relative h-element\">\r\n                  <!---->\r\n                  <div class=\"h-image__frame-container-outer\">\r\n                    <div class=\"h-image__frame-container\">\r\n                      <!---->\r\n                      <!---->\r\n                      <img decoding=\"async\" width=\"125\" height=\"120\" src=\"https:\/\/kraft-bauer.com\/wp-content\/uploads\/2020\/07\/cropped-feuerloeschtraining_3.jpg\" class=\"wp-image-957 style-747-image style-local-655-c16-image\" alt=\"Gasbrand\" \/>\r\n                      <div class=\"h-image__frame h-hide-lg h-hide-md h-hide-sm style-747-frameImage style-local-655-c16-frameImage\"><\/div>\r\n                    <\/div>\r\n                  <\/div>\r\n                <\/div>\r\n                <div data-colibri-id=\"655-c17\" class=\"h-text h-text-component style-748 style-local-655-c17 position-relative h-element\">\r\n                  <!---->\r\n                  <!---->\r\n                  <div class=\"\">\r\n                    <p>Brandklasse C\r\n                      <br>Gasbrand<\/p>\r\n                  <\/div>\r\n                <\/div>\r\n                <div data-colibri-id=\"655-c18\" class=\"d-block style-749 style-local-655-c18 position-relative h-element\">\r\n                  <!---->\r\n                  <div class=\"h-image__frame-container-outer\">\r\n                    <div class=\"h-image__frame-container\">\r\n                      <!---->\r\n                      <!---->\r\n                      <img decoding=\"async\" width=\"125\" height=\"120\" src=\"https:\/\/kraft-bauer.com\/wp-content\/uploads\/2020\/07\/cropped-feuerloeschtraining_4.jpg\" class=\"wp-image-958 style-749-image style-local-655-c18-image\" alt=\"Elektrischer Brand\" \/>\r\n                      <div class=\"h-image__frame h-hide-lg h-hide-md h-hide-sm style-749-frameImage style-local-655-c18-frameImage\"><\/div>\r\n                    <\/div>\r\n                  <\/div>\r\n                <\/div>\r\n                <div data-colibri-id=\"655-c19\" class=\"h-text h-text-component style-750 style-local-655-c19 position-relative h-element\">\r\n                  <!---->\r\n                  <!---->\r\n                  <div class=\"\">\r\n                    <p>Brand elektrischer Anlagen<\/p>\r\n                  <\/div>\r\n                <\/div>\r\n              <\/div>\r\n            <\/div>\r\n          <\/div>\r\n          <div class=\"h-column h-column-container d-flex h-col-lg-auto h-col-md-auto h-col-auto style-739-outer style-local-655-c8-outer\">\r\n            <div data-colibri-id=\"655-c8\" class=\"d-flex h-flex-basis h-column__inner h-px-lg-2 h-px-md-2 h-px-2 v-inner-lg-2 v-inner-md-2 v-inner-2 style-739 style-local-655-c8 position-relative\">\r\n              <!---->\r\n              <!---->\r\n              <div class=\"w-100 h-y-container h-column__content h-column__v-align flex-basis-100 align-self-lg-start align-self-md-start align-self-start\">\r\n                <!---->\r\n                <div data-colibri-id=\"655-c11\" class=\"h-text h-text-component style-742 style-local-655-c11 position-relative h-element\">\r\n                  <!---->\r\n                  <!---->\r\n                  <div class=\"\">\r\n                    <p><strong>Brandschutzhelferausbildung<\/strong><\/p>\r\n                    <ul>\r\n                      <li>2 x 45 Minuten theoretische Schulung incl. Lehrmaterial zur Theorie<\/li>\r\n                      <li>2 Feuerl\u00f6scher zum \u00dcben jeder Teilnehmer<\/li>\r\n                      <li>30 Minuten praktische \u00dcbung am L\u00f6schtrainer<\/li>\r\n                      <li>F\u00fcr Gruppen von 1-10, 11-15 und 16-20 Personen<\/li>\r\n                    <\/ul>\r\n                  <\/div>\r\n                <\/div>\r\n                <div data-colibri-id=\"655-c12\" class=\"h-text h-text-component style-743 style-local-655-c12 position-relative h-element\">\r\n                  <!---->\r\n                  <!---->\r\n                  <div class=\"\">\r\n                    <p><strong>Feuerl\u00f6schtraining bis 5 Teilnehmer<\/strong><\/p>\r\n                    <ul>\r\n                      <li>30 Minuten theoretische Schulung incl. Lehrmaterial zur Theorie<\/li>\r\n                      <li>2 Feuerl\u00f6scher zum \u00dcben jeder Teilnehmer muss 2 \u2013 3 mal l\u00f6schen<\/li>\r\n                      <li>30 Minuten praktische \u00dcbung am L\u00f6schtrainer<\/li>\r\n                    <\/ul>\r\n                  <\/div>\r\n                <\/div>\r\n                <div data-colibri-id=\"655-c13\" class=\"h-text h-text-component style-744 style-local-655-c13 position-relative h-element\">\r\n                  <!---->\r\n                  <!---->\r\n                  <div class=\"\">\r\n                    <p><strong>Feuerl\u00f6schtraining bis 10 Teilnehmer<\/strong><\/p>\r\n                    <ul>\r\n                      <li>Mit 4 Feuerl\u00f6schern, insgesamt 60-90 Minuten f\u00fcr Schulung und Training<\/li>\r\n                    <\/ul>\r\n                  <\/div>\r\n                <\/div>\r\n                <div data-colibri-id=\"655-c20\" class=\"h-text h-text-component style-751 style-local-655-c20 position-relative h-element\">\r\n                  <!---->\r\n                  <!---->\r\n                  <div class=\"\">\r\n                    <p><strong>Feuerl\u00f6schtraining bis 20 Teilnehmer<\/strong><\/p>\r\n                    <ul>\r\n                      <li>Mit 8 Feuerl\u00f6schern, Aufgeteilt in 2 Gruppen a 10 Personen, Insgesamt 2 x 60-90 Minuten f\u00fcr Schulung und Training<\/li>\r\n                    <\/ul>\r\n                  <\/div>\r\n                <\/div>\r\n              <\/div>\r\n            <\/div>\r\n          <\/div>\r\n        <\/div>\r\n      <\/div>\r\n    <\/div>\r\n  <\/div>\r\n<\/div>","protected":false},"excerpt":{"rendered":"<p>Brandschutzhelfer Brandklasse A Papierkorbbrand Brandklasse B Fl\u00fcssigkeitsbrand Brandklasse C Gasbrand Brand elektrischer Anlagen Brandschutzhelferausbildung 2 x 45 Minuten theoretische Schulung incl. Lehrmaterial zur Theorie 2 Feuerl\u00f6scher zum \u00dcben jeder Teilnehmer 30 Minuten praktische \u00dcbung am L\u00f6schtrainer F\u00fcr Gruppen von 1-10, 11-15 und 16-20 Personen Feuerl\u00f6schtraining bis 5 Teilnehmer 30 Minuten theoretische Schulung incl. Lehrmaterial zur [&hellip;]<\/p>\n","protected":false},"author":1,"featured_media":0,"parent":247,"menu_order":0,"comment_status":"closed","ping_status":"closed","template":"page-templates\/full-width-page.php","meta":{"footnotes":""},"class_list":["post-655","page","type-page","status-publish","hentry"],"yoast_head":"<!-- This site is optimized with the Yoast SEO plugin v22.6 - https:\/\/yoast.com\/wordpress\/plugins\/seo\/ -->\n<title>Kundendienstleistungen im Brandschutzbereich<\/title>\n<meta name=\"description\" content=\"Hier finden Sie alle Infos zur Ausbildung von Brandschutzhelfern. \u2714\ufe0fBrandschutzhelferausbildung \u2714\ufe0fFeuerl\u00f6schtraining \u2714\ufe0fTeilnehmerzahl 5-20 Teilnehmer \u2714\ufe0fWir beraten Sie gerne info@kraft-bauer.com\" \/>\n<meta name=\"robots\" content=\"index, follow, max-snippet:-1, max-image-preview:large, max-video-preview:-1\" \/>\n<link rel=\"canonical\" href=\"https:\/\/kraft-bauer.com\/?page_id=655\" \/>\n<meta property=\"og:locale\" content=\"de_DE\" \/>\n<meta property=\"og:type\" content=\"article\" \/>\n<meta property=\"og:title\" content=\"Kundendienstleistungen im Brandschutzbereich\" \/>\n<meta property=\"og:description\" content=\"Hier finden Sie alle Infos zur Ausbildung von Brandschutzhelfern. \u2714\ufe0fBrandschutzhelferausbildung \u2714\ufe0fFeuerl\u00f6schtraining \u2714\ufe0fTeilnehmerzahl 5-20 Teilnehmer \u2714\ufe0fWir beraten Sie gerne info@kraft-bauer.com\" \/>\n<meta property=\"og:url\" content=\"https:\/\/kraft-bauer.com\/?page_id=655\" \/>\n<meta property=\"og:site_name\" content=\"Kraft-Bauer\" \/>\n<meta property=\"article:modified_time\" content=\"2024-05-06T19:45:23+00:00\" \/>\n<meta property=\"og:image\" content=\"https:\/\/kraft-bauer.com\/wp-content\/uploads\/2020\/07\/cropped-feuerloeschtraining_1-1.jpg\" \/>\n<meta name=\"twitter:card\" content=\"summary_large_image\" \/>\n<meta name=\"twitter:label1\" content=\"Gesch\u00e4tzte Lesezeit\" \/>\n\t<meta name=\"twitter:data1\" content=\"2\u00a0Minuten\" \/>\n<script type=\"application\/ld+json\" class=\"yoast-schema-graph\">{\"@context\":\"https:\/\/schema.org\",\"@graph\":[{\"@type\":\"WebPage\",\"@id\":\"https:\/\/kraft-bauer.com\/?page_id=655\",\"url\":\"https:\/\/kraft-bauer.com\/?page_id=655\",\"name\":\"Kundendienstleistungen im Brandschutzbereich\",\"isPartOf\":{\"@id\":\"https:\/\/kraft-bauer.com\/#website\"},\"primaryImageOfPage\":{\"@id\":\"https:\/\/kraft-bauer.com\/?page_id=655#primaryimage\"},\"image\":{\"@id\":\"https:\/\/kraft-bauer.com\/?page_id=655#primaryimage\"},\"thumbnailUrl\":\"https:\/\/kraft-bauer.com\/wp-content\/uploads\/2020\/07\/cropped-feuerloeschtraining_1-1.jpg\",\"datePublished\":\"2020-07-03T14:18:21+00:00\",\"dateModified\":\"2024-05-06T19:45:23+00:00\",\"description\":\"Hier finden Sie alle Infos zur Ausbildung von Brandschutzhelfern. \u2714\ufe0fBrandschutzhelferausbildung \u2714\ufe0fFeuerl\u00f6schtraining \u2714\ufe0fTeilnehmerzahl 5-20 Teilnehmer \u2714\ufe0fWir beraten Sie gerne info@kraft-bauer.com\",\"breadcrumb\":{\"@id\":\"https:\/\/kraft-bauer.com\/?page_id=655#breadcrumb\"},\"inLanguage\":\"de\",\"potentialAction\":[{\"@type\":\"ReadAction\",\"target\":[\"https:\/\/kraft-bauer.com\/?page_id=655\"]}]},{\"@type\":\"ImageObject\",\"inLanguage\":\"de\",\"@id\":\"https:\/\/kraft-bauer.com\/?page_id=655#primaryimage\",\"url\":\"https:\/\/kraft-bauer.com\/wp-content\/uploads\/2020\/07\/cropped-feuerloeschtraining_1-1.jpg\",\"contentUrl\":\"https:\/\/kraft-bauer.com\/wp-content\/uploads\/2020\/07\/cropped-feuerloeschtraining_1-1.jpg\",\"width\":125,\"height\":120,\"caption\":\"Papierkorbbrand\"},{\"@type\":\"BreadcrumbList\",\"@id\":\"https:\/\/kraft-bauer.com\/?page_id=655#breadcrumb\",\"itemListElement\":[{\"@type\":\"ListItem\",\"position\":1,\"name\":\"Startseite\",\"item\":\"https:\/\/kraft-bauer.com\/\"},{\"@type\":\"ListItem\",\"position\":2,\"name\":\"Dienstleistungen\",\"item\":\"https:\/\/kraft-bauer.com\/?page_id=247\"},{\"@type\":\"ListItem\",\"position\":3,\"name\":\"Brandschutzhelfer\"}]},{\"@type\":\"WebSite\",\"@id\":\"https:\/\/kraft-bauer.com\/#website\",\"url\":\"https:\/\/kraft-bauer.com\/\",\"name\":\"Kraft & Bauer Brandschutzsysteme GmbH\",\"description\":\"L\u00f6schanlagen und Feuerl\u00f6scher zur Brandvermeidung und -bek\u00e4mpfung. F\u00fcr die Sicherheit Ihrer Unternehmens- und Produktionsbereiche. Wir beraten Sie gerne info@kraft-bauer.com\",\"publisher\":{\"@id\":\"https:\/\/kraft-bauer.com\/#organization\"},\"potentialAction\":[{\"@type\":\"SearchAction\",\"target\":{\"@type\":\"EntryPoint\",\"urlTemplate\":\"https:\/\/kraft-bauer.com\/?s={search_term_string}\"},\"query-input\":\"required name=search_term_string\"}],\"inLanguage\":\"de\"},{\"@type\":\"Organization\",\"@id\":\"https:\/\/kraft-bauer.com\/#organization\",\"name\":\"Kraft & Bauer Brandschutzsysteme GmbH\",\"url\":\"https:\/\/kraft-bauer.com\/\",\"logo\":{\"@type\":\"ImageObject\",\"inLanguage\":\"de\",\"@id\":\"https:\/\/kraft-bauer.com\/#\/schema\/logo\/image\/\",\"url\":\"https:\/\/kraft-bauer.com\/wp-content\/uploads\/2020\/07\/cropped-logo_header-scaled-2.jpg\",\"contentUrl\":\"https:\/\/kraft-bauer.com\/wp-content\/uploads\/2020\/07\/cropped-logo_header-scaled-2.jpg\",\"width\":2491,\"height\":735,\"caption\":\"Kraft & Bauer Brandschutzsysteme GmbH\"},\"image\":{\"@id\":\"https:\/\/kraft-bauer.com\/#\/schema\/logo\/image\/\"}}]}<\/script>\n<!-- \/ Yoast SEO plugin. -->","yoast_head_json":{"title":"Kundendienstleistungen im Brandschutzbereich","description":"Hier finden Sie alle Infos zur Ausbildung von Brandschutzhelfern. \u2714\ufe0fBrandschutzhelferausbildung \u2714\ufe0fFeuerl\u00f6schtraining \u2714\ufe0fTeilnehmerzahl 5-20 Teilnehmer \u2714\ufe0fWir beraten Sie gerne info@kraft-bauer.com","robots":{"index":"index","follow":"follow","max-snippet":"max-snippet:-1","max-image-preview":"max-image-preview:large","max-video-preview":"max-video-preview:-1"},"canonical":"https:\/\/kraft-bauer.com\/?page_id=655","og_locale":"de_DE","og_type":"article","og_title":"Kundendienstleistungen im Brandschutzbereich","og_description":"Hier finden Sie alle Infos zur Ausbildung von Brandschutzhelfern. \u2714\ufe0fBrandschutzhelferausbildung \u2714\ufe0fFeuerl\u00f6schtraining \u2714\ufe0fTeilnehmerzahl 5-20 Teilnehmer \u2714\ufe0fWir beraten Sie gerne info@kraft-bauer.com","og_url":"https:\/\/kraft-bauer.com\/?page_id=655","og_site_name":"Kraft-Bauer","article_modified_time":"2024-05-06T19:45:23+00:00","og_image":[{"url":"https:\/\/kraft-bauer.com\/wp-content\/uploads\/2020\/07\/cropped-feuerloeschtraining_1-1.jpg"}],"twitter_card":"summary_large_image","twitter_misc":{"Gesch\u00e4tzte Lesezeit":"2\u00a0Minuten"},"schema":{"@context":"https:\/\/schema.org","@graph":[{"@type":"WebPage","@id":"https:\/\/kraft-bauer.com\/?page_id=655","url":"https:\/\/kraft-bauer.com\/?page_id=655","name":"Kundendienstleistungen im Brandschutzbereich","isPartOf":{"@id":"https:\/\/kraft-bauer.com\/#website"},"primaryImageOfPage":{"@id":"https:\/\/kraft-bauer.com\/?page_id=655#primaryimage"},"image":{"@id":"https:\/\/kraft-bauer.com\/?page_id=655#primaryimage"},"thumbnailUrl":"https:\/\/kraft-bauer.com\/wp-content\/uploads\/2020\/07\/cropped-feuerloeschtraining_1-1.jpg","datePublished":"2020-07-03T14:18:21+00:00","dateModified":"2024-05-06T19:45:23+00:00","description":"Hier finden Sie alle Infos zur Ausbildung von Brandschutzhelfern. \u2714\ufe0fBrandschutzhelferausbildung \u2714\ufe0fFeuerl\u00f6schtraining \u2714\ufe0fTeilnehmerzahl 5-20 Teilnehmer \u2714\ufe0fWir beraten Sie gerne info@kraft-bauer.com","breadcrumb":{"@id":"https:\/\/kraft-bauer.com\/?page_id=655#breadcrumb"},"inLanguage":"de","potentialAction":[{"@type":"ReadAction","target":["https:\/\/kraft-bauer.com\/?page_id=655"]}]},{"@type":"ImageObject","inLanguage":"de","@id":"https:\/\/kraft-bauer.com\/?page_id=655#primaryimage","url":"https:\/\/kraft-bauer.com\/wp-content\/uploads\/2020\/07\/cropped-feuerloeschtraining_1-1.jpg","contentUrl":"https:\/\/kraft-bauer.com\/wp-content\/uploads\/2020\/07\/cropped-feuerloeschtraining_1-1.jpg","width":125,"height":120,"caption":"Papierkorbbrand"},{"@type":"BreadcrumbList","@id":"https:\/\/kraft-bauer.com\/?page_id=655#breadcrumb","itemListElement":[{"@type":"ListItem","position":1,"name":"Startseite","item":"https:\/\/kraft-bauer.com\/"},{"@type":"ListItem","position":2,"name":"Dienstleistungen","item":"https:\/\/kraft-bauer.com\/?page_id=247"},{"@type":"ListItem","position":3,"name":"Brandschutzhelfer"}]},{"@type":"WebSite","@id":"https:\/\/kraft-bauer.com\/#website","url":"https:\/\/kraft-bauer.com\/","name":"Kraft & Bauer Brandschutzsysteme GmbH","description":"L\u00f6schanlagen und Feuerl\u00f6scher zur Brandvermeidung und -bek\u00e4mpfung. F\u00fcr die Sicherheit Ihrer Unternehmens- und Produktionsbereiche. Wir beraten Sie gerne info@kraft-bauer.com","publisher":{"@id":"https:\/\/kraft-bauer.com\/#organization"},"potentialAction":[{"@type":"SearchAction","target":{"@type":"EntryPoint","urlTemplate":"https:\/\/kraft-bauer.com\/?s={search_term_string}"},"query-input":"required name=search_term_string"}],"inLanguage":"de"},{"@type":"Organization","@id":"https:\/\/kraft-bauer.com\/#organization","name":"Kraft & Bauer Brandschutzsysteme GmbH","url":"https:\/\/kraft-bauer.com\/","logo":{"@type":"ImageObject","inLanguage":"de","@id":"https:\/\/kraft-bauer.com\/#\/schema\/logo\/image\/","url":"https:\/\/kraft-bauer.com\/wp-content\/uploads\/2020\/07\/cropped-logo_header-scaled-2.jpg","contentUrl":"https:\/\/kraft-bauer.com\/wp-content\/uploads\/2020\/07\/cropped-logo_header-scaled-2.jpg","width":2491,"height":735,"caption":"Kraft & Bauer Brandschutzsysteme GmbH"},"image":{"@id":"https:\/\/kraft-bauer.com\/#\/schema\/logo\/image\/"}}]}},"_links":{"self":[{"href":"https:\/\/kraft-bauer.com\/index.php?rest_route=\/wp\/v2\/pages\/655","targetHints":{"allow":["GET"]}}],"collection":[{"href":"https:\/\/kraft-bauer.com\/index.php?rest_route=\/wp\/v2\/pages"}],"about":[{"href":"https:\/\/kraft-bauer.com\/index.php?rest_route=\/wp\/v2\/types\/page"}],"author":[{"embeddable":true,"href":"https:\/\/kraft-bauer.com\/index.php?rest_route=\/wp\/v2\/users\/1"}],"replies":[{"embeddable":true,"href":"https:\/\/kraft-bauer.com\/index.php?rest_route=%2Fwp%2Fv2%2Fcomments&post=655"}],"version-history":[{"count":4,"href":"https:\/\/kraft-bauer.com\/index.php?rest_route=\/wp\/v2\/pages\/655\/revisions"}],"predecessor-version":[{"id":976,"href":"https:\/\/kraft-bauer.com\/index.php?rest_route=\/wp\/v2\/pages\/655\/revisions\/976"}],"up":[{"embeddable":true,"href":"https:\/\/kraft-bauer.com\/index.php?rest_route=\/wp\/v2\/pages\/247"}],"wp:attachment":[{"href":"https:\/\/kraft-bauer.com\/index.php?rest_route=%2Fwp%2Fv2%2Fmedia&parent=655"}],"curies":[{"name":"wp","href":"https:\/\/api.w.org\/{rel}","templated":true}]}}