{"id":653,"date":"2020-07-03T14:18:05","date_gmt":"2020-07-03T14:18:05","guid":{"rendered":"https:\/\/kraft-bauer.com\/?page_id=653"},"modified":"2024-05-06T19:44:45","modified_gmt":"2024-05-06T19:44:45","slug":"allg-brandschutz","status":"publish","type":"page","link":"https:\/\/kraft-bauer.com\/?page_id=653","title":{"rendered":"Allg. Brandschutz"},"content":{"rendered":"<div data-colibri-id=\"653-c1\" class=\"style-714 style-local-653-c1 position-relative\">\r\n  <!---->\r\n  <div data-colibri-component=\"section\" data-colibri-id=\"653-c2\" id=\"custom\" class=\"h-section h-section-global-spacing d-flex align-items-lg-center align-items-md-center align-items-center style-719 style-local-653-c2 position-relative\">\r\n    <!---->\r\n    <!---->\r\n    <div class=\"h-section-grid-container h-section-boxed-container\">\r\n      <!---->\r\n      <div data-colibri-id=\"653-c3\" class=\"h-row-container gutters-row-lg-2 gutters-row-md-2 gutters-row-0 gutters-row-v-lg-2 gutters-row-v-md-2 gutters-row-v-2 style-720 style-local-653-c3 position-relative\">\r\n        <!---->\r\n        <div class=\"h-row justify-content-lg-center justify-content-md-center justify-content-center align-items-lg-stretch align-items-md-stretch align-items-stretch gutters-col-lg-2 gutters-col-md-2 gutters-col-0 gutters-col-v-lg-2 gutters-col-v-md-2 gutters-col-v-2\">\r\n          <!---->\r\n          <div class=\"h-column h-column-container d-flex h-col-lg-auto h-col-md-auto h-col-auto style-721-outer style-local-653-c4-outer\">\r\n            <div data-colibri-id=\"653-c4\" class=\"d-flex h-flex-basis h-column__inner h-px-lg-2 h-px-md-2 h-px-2 v-inner-lg-2 v-inner-md-2 v-inner-2 style-721 style-local-653-c4 position-relative\">\r\n              <!---->\r\n              <!---->\r\n              <div class=\"w-100 h-y-container h-column__content h-column__v-align flex-basis-100 align-self-lg-start align-self-md-start align-self-start\">\r\n                <!---->\r\n                <div data-colibri-id=\"653-c5\" class=\"h-text h-text-component style-722 style-local-653-c5 position-relative h-element\">\r\n                  <!---->\r\n                  <!---->\r\n                  <div class=\"\">\r\n                    <h3>\r\n                      <a href=\"https:\/\/loeschanlage.com\/de\/dienstleistungen\/allg-brandschutz\" style=\"font-weight: 300; color: rgb(150, 33, 37);\" class=\"customize-unpreviewable\">KUNDENDIENST-LEISTUNGEN IM BRANDSCHUTZBEREICH<\/a>\r\n                    <\/h3>\r\n                  <\/div>\r\n                <\/div>\r\n              <\/div>\r\n            <\/div>\r\n          <\/div>\r\n        <\/div>\r\n      <\/div>\r\n      <div data-colibri-id=\"653-c6\" class=\"h-row-container gutters-row-lg-2 gutters-row-md-2 gutters-row-0 gutters-row-v-lg-2 gutters-row-v-md-2 gutters-row-v-2 style-723 style-local-653-c6 position-relative\">\r\n        <!---->\r\n        <div class=\"h-row justify-content-lg-center justify-content-md-center justify-content-center align-items-lg-stretch align-items-md-stretch align-items-stretch gutters-col-lg-2 gutters-col-md-2 gutters-col-0 gutters-col-v-lg-2 gutters-col-v-md-2 gutters-col-v-2\">\r\n          <!---->\r\n          <div class=\"h-column h-column-container d-flex h-col-lg-auto h-col-md-auto h-col-auto style-724-outer style-local-653-c7-outer\">\r\n            <div data-colibri-id=\"653-c7\" class=\"d-flex h-flex-basis h-column__inner h-px-lg-2 h-px-md-2 h-px-2 v-inner-lg-2 v-inner-md-2 v-inner-2 style-724 style-local-653-c7 position-relative\">\r\n              <!---->\r\n              <!---->\r\n              <div class=\"w-100 h-y-container h-column__content h-column__v-align flex-basis-100 align-self-lg-start align-self-md-start align-self-start\">\r\n                <!---->\r\n                <div data-colibri-id=\"653-c8\" class=\"h-divider style-727 style-local-653-c8 position-relative h-element\">\r\n                  <!----><span class=\"h-divider__line style-727-line style-local-653-c8-line style-727-line style-local-653-c8-line\"><\/span><\/div>\r\n              <\/div>\r\n            <\/div>\r\n          <\/div>\r\n        <\/div>\r\n      <\/div>\r\n      <div data-colibri-id=\"653-c9\" class=\"h-row-container gutters-row-lg-2 gutters-row-md-2 gutters-row-0 gutters-row-v-lg-2 gutters-row-v-md-2 gutters-row-v-2 style-728 style-local-653-c9 position-relative\">\r\n        <!---->\r\n        <div class=\"h-row justify-content-lg-center justify-content-md-center justify-content-center align-items-lg-stretch align-items-md-stretch align-items-stretch gutters-col-lg-2 gutters-col-md-2 gutters-col-0 gutters-col-v-lg-2 gutters-col-v-md-2 gutters-col-v-2\">\r\n          <!---->\r\n          <div class=\"h-column h-column-container d-flex h-col-lg-auto h-col-md-auto h-col-auto style-729-outer style-local-653-c10-outer\">\r\n            <div data-colibri-id=\"653-c10\" class=\"d-flex h-flex-basis h-column__inner h-px-lg-2 h-px-md-2 h-px-2 v-inner-lg-2 v-inner-md-2 v-inner-2 style-729 style-local-653-c10 position-relative\">\r\n              <!---->\r\n              <!---->\r\n              <div class=\"w-100 h-y-container h-column__content h-column__v-align flex-basis-100 align-self-lg-start align-self-md-start align-self-start\">\r\n                <!---->\r\n                <div data-colibri-id=\"653-c11\" class=\"h-text h-text-component style-731 style-local-653-c11 position-relative h-element\">\r\n                  <!---->\r\n                  <!---->\r\n                  <div class=\"\">\r\n                    <p><strong>Feuerl\u00f6scher nach DIN 14406 &#8211; Pr\u00fcfintervall 2 Jahre<\/strong><\/p>\r\n                    <ul>\r\n                      <li><strong>Verkauf von Vulkan- Feuerl\u00f6schern<\/strong><\/li>\r\n                      <li>Pr\u00fcf- und F\u00fclldienst aller Fabrikate<\/li>\r\n                      <li>Beschilderung lt. BGV A8<strong>\ufeff<\/strong>\r\n                        <br>\r\n                        <br>\r\n                      <\/li>\r\n                    <\/ul>\r\n                    <p><strong>Steigleitung \u201etrocken\u201c nach DIN 14 462 Teil 2 Pr\u00fcfintervall 2 Jahre<\/strong><\/p>\r\n                    <ul>\r\n                      <li>Leistungsumfang nach DIN 14 462, Teil 2, Punkt 5.2<\/li>\r\n                      <li>Zugangskontrolle, Beschilderungskontrolle<\/li>\r\n                      <li>G\u00e4ngigkeit von T\u00fcr und Schlauchanschlussventil<\/li>\r\n                      <li>Pr\u00fcfung auf Dichtheit der Leitung und der Ventile mittels Wasserdruckprobe<\/li>\r\n                      <li>Pr\u00fcfung des Wasserdurchflusses von mind. 300 l\/min.<\/li>\r\n                      <li>Pr\u00fcfung der Funktionsf\u00e4higkeit der Einspeisearmatur, der Be- und Entl\u00fcftung sowie der Entleerungseinrichtung<\/li>\r\n                      <li>Plombieren der Schlauchanschlusseinrichtungen\r\n                        <br>\r\n                        <br>\r\n                      <\/li>\r\n                    <\/ul>\r\n                    <p><strong>Druckschl\u00e4uche C (Faltschl\u00e4uche) nach DIN 14 811 Pr\u00fcfintervall 1 Jahr bzw. nach jedem Gebrauch<\/strong><\/p>\r\n                    <ul>\r\n                      <li>Wartung j\u00e4hrlich mit Betriebsdruck<\/li>\r\n                      <li>alle 5 Jahre, max. Druck 12 bar\r\n                        <br>\r\n                        <br>\r\n                      <\/li>\r\n                    <\/ul>\r\n                    <p><strong>Wartung von Sicherheitsschr\u00e4nken nach DIN EN 14470 und gem\u00e4\u00df \u00a739 GUV-V-A1 Pr\u00fcfintervall 1 Jahr<\/strong><\/p>\r\n                    <p><strong>Fluchtweg- und Rettungspl\u00e4ne<\/strong><\/p>\r\n                    <p>\r\n                      <br>\r\n                    <\/p>\r\n                  <\/div>\r\n                <\/div>\r\n              <\/div>\r\n            <\/div>\r\n          <\/div>\r\n        <\/div>\r\n      <\/div>\r\n    <\/div>\r\n  <\/div>\r\n<\/div>","protected":false},"excerpt":{"rendered":"<p>KUNDENDIENST-LEISTUNGEN IM BRANDSCHUTZBEREICH Feuerl\u00f6scher nach DIN 14406 &#8211; Pr\u00fcfintervall 2 Jahre Verkauf von Vulkan- Feuerl\u00f6schern Pr\u00fcf- und F\u00fclldienst aller Fabrikate Beschilderung lt. BGV A8\ufeff Steigleitung \u201etrocken\u201c nach DIN 14 462 Teil 2 Pr\u00fcfintervall 2 Jahre Leistungsumfang nach DIN 14 462, Teil 2, Punkt 5.2 Zugangskontrolle, Beschilderungskontrolle G\u00e4ngigkeit von T\u00fcr und Schlauchanschlussventil Pr\u00fcfung auf Dichtheit der [&hellip;]<\/p>\n","protected":false},"author":1,"featured_media":0,"parent":247,"menu_order":0,"comment_status":"closed","ping_status":"closed","template":"page-templates\/full-width-page.php","meta":{"footnotes":""},"class_list":["post-653","page","type-page","status-publish","hentry"],"yoast_head":"<!-- This site is optimized with the Yoast SEO plugin v22.6 - https:\/\/yoast.com\/wordpress\/plugins\/seo\/ -->\n<title>Kundendienstleistungen im Brandschutzbereich<\/title>\n<meta name=\"description\" content=\"Feuerl\u00f6scher nach DIN 14406 \u2714\ufe0f Steigleitung nach DIN 14 462 \u2714\ufe0f Schl\u00e4uche nach DIN 14 811\u2714\ufe0f Wartung von Sicherheitsschr\u00e4nken nach DIN EN 14470 \u2714\ufe0fFluchtweg &amp; Rettungspl\u00e4ne \u2714\ufe0fWir betreuen Sie gerne info@kraft-bauer.com\" \/>\n<meta name=\"robots\" content=\"index, follow, max-snippet:-1, max-image-preview:large, max-video-preview:-1\" \/>\n<link rel=\"canonical\" href=\"https:\/\/kraft-bauer.com\/?page_id=653\" \/>\n<meta property=\"og:locale\" content=\"de_DE\" \/>\n<meta property=\"og:type\" content=\"article\" \/>\n<meta property=\"og:title\" content=\"Kundendienstleistungen im Brandschutzbereich\" \/>\n<meta property=\"og:description\" content=\"Feuerl\u00f6scher nach DIN 14406 \u2714\ufe0f Steigleitung nach DIN 14 462 \u2714\ufe0f Schl\u00e4uche nach DIN 14 811\u2714\ufe0f Wartung von Sicherheitsschr\u00e4nken nach DIN EN 14470 \u2714\ufe0fFluchtweg &amp; Rettungspl\u00e4ne \u2714\ufe0fWir betreuen Sie gerne info@kraft-bauer.com\" \/>\n<meta property=\"og:url\" content=\"https:\/\/kraft-bauer.com\/?page_id=653\" \/>\n<meta property=\"og:site_name\" content=\"Kraft-Bauer\" \/>\n<meta property=\"article:modified_time\" content=\"2024-05-06T19:44:45+00:00\" \/>\n<meta name=\"twitter:card\" content=\"summary_large_image\" \/>\n<meta name=\"twitter:label1\" content=\"Gesch\u00e4tzte Lesezeit\" \/>\n\t<meta name=\"twitter:data1\" content=\"1\u00a0Minute\" \/>\n<script type=\"application\/ld+json\" class=\"yoast-schema-graph\">{\"@context\":\"https:\/\/schema.org\",\"@graph\":[{\"@type\":\"WebPage\",\"@id\":\"https:\/\/kraft-bauer.com\/?page_id=653\",\"url\":\"https:\/\/kraft-bauer.com\/?page_id=653\",\"name\":\"Kundendienstleistungen im Brandschutzbereich\",\"isPartOf\":{\"@id\":\"https:\/\/kraft-bauer.com\/#website\"},\"datePublished\":\"2020-07-03T14:18:05+00:00\",\"dateModified\":\"2024-05-06T19:44:45+00:00\",\"description\":\"Feuerl\u00f6scher nach DIN 14406 \u2714\ufe0f Steigleitung nach DIN 14 462 \u2714\ufe0f Schl\u00e4uche nach DIN 14 811\u2714\ufe0f Wartung von Sicherheitsschr\u00e4nken nach DIN EN 14470 \u2714\ufe0fFluchtweg & Rettungspl\u00e4ne \u2714\ufe0fWir betreuen Sie gerne info@kraft-bauer.com\",\"breadcrumb\":{\"@id\":\"https:\/\/kraft-bauer.com\/?page_id=653#breadcrumb\"},\"inLanguage\":\"de\",\"potentialAction\":[{\"@type\":\"ReadAction\",\"target\":[\"https:\/\/kraft-bauer.com\/?page_id=653\"]}]},{\"@type\":\"BreadcrumbList\",\"@id\":\"https:\/\/kraft-bauer.com\/?page_id=653#breadcrumb\",\"itemListElement\":[{\"@type\":\"ListItem\",\"position\":1,\"name\":\"Startseite\",\"item\":\"https:\/\/kraft-bauer.com\/\"},{\"@type\":\"ListItem\",\"position\":2,\"name\":\"Dienstleistungen\",\"item\":\"https:\/\/kraft-bauer.com\/?page_id=247\"},{\"@type\":\"ListItem\",\"position\":3,\"name\":\"Allg. Brandschutz\"}]},{\"@type\":\"WebSite\",\"@id\":\"https:\/\/kraft-bauer.com\/#website\",\"url\":\"https:\/\/kraft-bauer.com\/\",\"name\":\"Kraft & Bauer Brandschutzsysteme GmbH\",\"description\":\"L\u00f6schanlagen und Feuerl\u00f6scher zur Brandvermeidung und -bek\u00e4mpfung. F\u00fcr die Sicherheit Ihrer Unternehmens- und Produktionsbereiche. Wir beraten Sie gerne info@kraft-bauer.com\",\"publisher\":{\"@id\":\"https:\/\/kraft-bauer.com\/#organization\"},\"potentialAction\":[{\"@type\":\"SearchAction\",\"target\":{\"@type\":\"EntryPoint\",\"urlTemplate\":\"https:\/\/kraft-bauer.com\/?s={search_term_string}\"},\"query-input\":\"required name=search_term_string\"}],\"inLanguage\":\"de\"},{\"@type\":\"Organization\",\"@id\":\"https:\/\/kraft-bauer.com\/#organization\",\"name\":\"Kraft & Bauer Brandschutzsysteme GmbH\",\"url\":\"https:\/\/kraft-bauer.com\/\",\"logo\":{\"@type\":\"ImageObject\",\"inLanguage\":\"de\",\"@id\":\"https:\/\/kraft-bauer.com\/#\/schema\/logo\/image\/\",\"url\":\"https:\/\/kraft-bauer.com\/wp-content\/uploads\/2020\/07\/cropped-logo_header-scaled-2.jpg\",\"contentUrl\":\"https:\/\/kraft-bauer.com\/wp-content\/uploads\/2020\/07\/cropped-logo_header-scaled-2.jpg\",\"width\":2491,\"height\":735,\"caption\":\"Kraft & Bauer Brandschutzsysteme GmbH\"},\"image\":{\"@id\":\"https:\/\/kraft-bauer.com\/#\/schema\/logo\/image\/\"}}]}<\/script>\n<!-- \/ Yoast SEO plugin. -->","yoast_head_json":{"title":"Kundendienstleistungen im Brandschutzbereich","description":"Feuerl\u00f6scher nach DIN 14406 \u2714\ufe0f Steigleitung nach DIN 14 462 \u2714\ufe0f Schl\u00e4uche nach DIN 14 811\u2714\ufe0f Wartung von Sicherheitsschr\u00e4nken nach DIN EN 14470 \u2714\ufe0fFluchtweg & Rettungspl\u00e4ne \u2714\ufe0fWir betreuen Sie gerne info@kraft-bauer.com","robots":{"index":"index","follow":"follow","max-snippet":"max-snippet:-1","max-image-preview":"max-image-preview:large","max-video-preview":"max-video-preview:-1"},"canonical":"https:\/\/kraft-bauer.com\/?page_id=653","og_locale":"de_DE","og_type":"article","og_title":"Kundendienstleistungen im Brandschutzbereich","og_description":"Feuerl\u00f6scher nach DIN 14406 \u2714\ufe0f Steigleitung nach DIN 14 462 \u2714\ufe0f Schl\u00e4uche nach DIN 14 811\u2714\ufe0f Wartung von Sicherheitsschr\u00e4nken nach DIN EN 14470 \u2714\ufe0fFluchtweg & Rettungspl\u00e4ne \u2714\ufe0fWir betreuen Sie gerne info@kraft-bauer.com","og_url":"https:\/\/kraft-bauer.com\/?page_id=653","og_site_name":"Kraft-Bauer","article_modified_time":"2024-05-06T19:44:45+00:00","twitter_card":"summary_large_image","twitter_misc":{"Gesch\u00e4tzte Lesezeit":"1\u00a0Minute"},"schema":{"@context":"https:\/\/schema.org","@graph":[{"@type":"WebPage","@id":"https:\/\/kraft-bauer.com\/?page_id=653","url":"https:\/\/kraft-bauer.com\/?page_id=653","name":"Kundendienstleistungen im Brandschutzbereich","isPartOf":{"@id":"https:\/\/kraft-bauer.com\/#website"},"datePublished":"2020-07-03T14:18:05+00:00","dateModified":"2024-05-06T19:44:45+00:00","description":"Feuerl\u00f6scher nach DIN 14406 \u2714\ufe0f Steigleitung nach DIN 14 462 \u2714\ufe0f Schl\u00e4uche nach DIN 14 811\u2714\ufe0f Wartung von Sicherheitsschr\u00e4nken nach DIN EN 14470 \u2714\ufe0fFluchtweg & Rettungspl\u00e4ne \u2714\ufe0fWir betreuen Sie gerne info@kraft-bauer.com","breadcrumb":{"@id":"https:\/\/kraft-bauer.com\/?page_id=653#breadcrumb"},"inLanguage":"de","potentialAction":[{"@type":"ReadAction","target":["https:\/\/kraft-bauer.com\/?page_id=653"]}]},{"@type":"BreadcrumbList","@id":"https:\/\/kraft-bauer.com\/?page_id=653#breadcrumb","itemListElement":[{"@type":"ListItem","position":1,"name":"Startseite","item":"https:\/\/kraft-bauer.com\/"},{"@type":"ListItem","position":2,"name":"Dienstleistungen","item":"https:\/\/kraft-bauer.com\/?page_id=247"},{"@type":"ListItem","position":3,"name":"Allg. Brandschutz"}]},{"@type":"WebSite","@id":"https:\/\/kraft-bauer.com\/#website","url":"https:\/\/kraft-bauer.com\/","name":"Kraft & Bauer Brandschutzsysteme GmbH","description":"L\u00f6schanlagen und Feuerl\u00f6scher zur Brandvermeidung und -bek\u00e4mpfung. F\u00fcr die Sicherheit Ihrer Unternehmens- und Produktionsbereiche. Wir beraten Sie gerne info@kraft-bauer.com","publisher":{"@id":"https:\/\/kraft-bauer.com\/#organization"},"potentialAction":[{"@type":"SearchAction","target":{"@type":"EntryPoint","urlTemplate":"https:\/\/kraft-bauer.com\/?s={search_term_string}"},"query-input":"required name=search_term_string"}],"inLanguage":"de"},{"@type":"Organization","@id":"https:\/\/kraft-bauer.com\/#organization","name":"Kraft & Bauer Brandschutzsysteme GmbH","url":"https:\/\/kraft-bauer.com\/","logo":{"@type":"ImageObject","inLanguage":"de","@id":"https:\/\/kraft-bauer.com\/#\/schema\/logo\/image\/","url":"https:\/\/kraft-bauer.com\/wp-content\/uploads\/2020\/07\/cropped-logo_header-scaled-2.jpg","contentUrl":"https:\/\/kraft-bauer.com\/wp-content\/uploads\/2020\/07\/cropped-logo_header-scaled-2.jpg","width":2491,"height":735,"caption":"Kraft & Bauer Brandschutzsysteme GmbH"},"image":{"@id":"https:\/\/kraft-bauer.com\/#\/schema\/logo\/image\/"}}]}},"_links":{"self":[{"href":"https:\/\/kraft-bauer.com\/index.php?rest_route=\/wp\/v2\/pages\/653","targetHints":{"allow":["GET"]}}],"collection":[{"href":"https:\/\/kraft-bauer.com\/index.php?rest_route=\/wp\/v2\/pages"}],"about":[{"href":"https:\/\/kraft-bauer.com\/index.php?rest_route=\/wp\/v2\/types\/page"}],"author":[{"embeddable":true,"href":"https:\/\/kraft-bauer.com\/index.php?rest_route=\/wp\/v2\/users\/1"}],"replies":[{"embeddable":true,"href":"https:\/\/kraft-bauer.com\/index.php?rest_route=%2Fwp%2Fv2%2Fcomments&post=653"}],"version-history":[{"count":5,"href":"https:\/\/kraft-bauer.com\/index.php?rest_route=\/wp\/v2\/pages\/653\/revisions"}],"predecessor-version":[{"id":983,"href":"https:\/\/kraft-bauer.com\/index.php?rest_route=\/wp\/v2\/pages\/653\/revisions\/983"}],"up":[{"embeddable":true,"href":"https:\/\/kraft-bauer.com\/index.php?rest_route=\/wp\/v2\/pages\/247"}],"wp:attachment":[{"href":"https:\/\/kraft-bauer.com\/index.php?rest_route=%2Fwp%2Fv2%2Fmedia&parent=653"}],"curies":[{"name":"wp","href":"https:\/\/api.w.org\/{rel}","templated":true}]}}