{"id":651,"date":"2020-07-03T14:17:38","date_gmt":"2020-07-03T14:17:38","guid":{"rendered":"https:\/\/kraft-bauer.com\/?page_id=651"},"modified":"2024-05-06T19:44:03","modified_gmt":"2024-05-06T19:44:03","slug":"kleinloeschanlage","status":"publish","type":"page","link":"https:\/\/kraft-bauer.com\/?page_id=651","title":{"rendered":"Kleinl\u00f6schanlage"},"content":{"rendered":"<div data-colibri-id=\"651-c1\" class=\"style-690 style-local-651-c1 position-relative\">\r\n  <!---->\r\n  <div data-colibri-component=\"section\" data-colibri-id=\"651-c2\" id=\"custom\" class=\"h-section h-section-global-spacing d-flex align-items-lg-center align-items-md-center align-items-center style-695 style-local-651-c2 position-relative\">\r\n    <!---->\r\n    <!---->\r\n    <div class=\"h-section-grid-container h-section-boxed-container\">\r\n      <!---->\r\n      <div data-colibri-id=\"651-c3\" class=\"h-row-container gutters-row-lg-2 gutters-row-md-2 gutters-row-0 gutters-row-v-lg-2 gutters-row-v-md-2 gutters-row-v-2 style-696 style-local-651-c3 position-relative\">\r\n        <!---->\r\n        <div class=\"h-row justify-content-lg-center justify-content-md-center justify-content-center align-items-lg-stretch align-items-md-stretch align-items-stretch gutters-col-lg-2 gutters-col-md-2 gutters-col-0 gutters-col-v-lg-2 gutters-col-v-md-2 gutters-col-v-2\">\r\n          <!---->\r\n          <div class=\"h-column h-column-container d-flex h-col-lg-auto h-col-md-auto h-col-auto style-697-outer style-local-651-c4-outer\">\r\n            <div data-colibri-id=\"651-c4\" class=\"d-flex h-flex-basis h-column__inner h-px-lg-2 h-px-md-2 h-px-2 v-inner-lg-2 v-inner-md-2 v-inner-2 style-697 style-local-651-c4 position-relative\">\r\n              <!---->\r\n              <!---->\r\n              <div class=\"w-100 h-y-container h-column__content h-column__v-align flex-basis-100 align-self-lg-start align-self-md-start align-self-start\">\r\n                <!---->\r\n                <div data-colibri-id=\"651-c5\" class=\"h-text h-text-component style-698 style-local-651-c5 position-relative h-element\">\r\n                  <!---->\r\n                  <!---->\r\n                  <div class=\"\">\r\n                    <h3>\r\n                      <a href=\"https:\/\/loeschanlage.com\/de\/dienstleistungen\/kleinloeschanlagen\" class=\"customize-unpreviewable\" style=\"color: rgb(150, 33, 37); font-weight: 300;\">DIENSTLEISTUNGEN KLEINL\u00d6SCHANLAGEN<\/a>\r\n                    <\/h3>\r\n                  <\/div>\r\n                <\/div>\r\n                <div data-colibri-id=\"651-c6\" class=\"h-divider style-704 style-local-651-c6 position-relative h-element\">\r\n                  <!----><span class=\"h-divider__line style-704-line style-local-651-c6-line style-704-line style-local-651-c6-line\"><\/span><\/div>\r\n              <\/div>\r\n            <\/div>\r\n          <\/div>\r\n        <\/div>\r\n      <\/div>\r\n      <div data-colibri-id=\"651-c7\" class=\"h-row-container gutters-row-lg-2 gutters-row-md-2 gutters-row-0 gutters-row-v-lg-2 gutters-row-v-md-2 gutters-row-v-2 style-699 style-local-651-c7 position-relative\">\r\n        <!---->\r\n        <div class=\"h-row justify-content-lg-center justify-content-md-center justify-content-center align-items-lg-stretch align-items-md-stretch align-items-stretch gutters-col-lg-2 gutters-col-md-2 gutters-col-0 gutters-col-v-lg-2 gutters-col-v-md-2 gutters-col-v-2\">\r\n          <!---->\r\n          <div class=\"h-column h-column-container d-flex h-col-lg-auto h-col-md-auto h-col-auto style-700-outer style-local-651-c8-outer\">\r\n            <div data-colibri-id=\"651-c8\" class=\"d-flex h-flex-basis h-column__inner h-px-lg-2 h-px-md-2 h-px-2 v-inner-lg-2 v-inner-md-2 v-inner-2 style-700 style-local-651-c8 position-relative\">\r\n              <!---->\r\n              <!---->\r\n              <div class=\"w-100 h-y-container h-column__content h-column__v-align flex-basis-100 align-self-lg-start align-self-md-start align-self-start\">\r\n                <!---->\r\n                <div data-colibri-id=\"651-c9\" class=\"h-text h-text-component style-702 style-local-651-c9 position-relative h-element\">\r\n                  <!---->\r\n                  <!---->\r\n                  <div class=\"\">\r\n                    <p>Laut DIN 14497 f\u00fcr Kleinl\u00f6schanlagen und Gesetzgeber ist eine j\u00e4hrliche Pr\u00fcfung der CO2-Kleinl\u00f6schanlagen vorgeschrieben. Kraft &amp; Bauer bietet Ihnen diesen Kundendienst an. Unser autorisiertes und st\u00e4ndig geschultes Fachpersonal\r\n                      kennt unsere Anlagen und verwendet ausschlie\u00dflich Original-Ersatzteile. Befristet einsetzbare Bauteile werden von uns selbstverst\u00e4ndlich rechtzeitig ausgetauscht.<\/p>\r\n                    <p><strong>Wartungsintervalle bei CO2-Kleinl\u00f6schanlagen<\/strong><\/p>\r\n                    <p><strong>Viertelj\u00e4hrlich<\/strong>:Sichtpr\u00fcfung durch den Benutzer<\/p>\r\n                    <p><strong>J\u00e4hrlich<\/strong>:Funktionspr\u00fcfung durch autorisiertes Fachpersonal<\/p>\r\n                    <p><strong>Alle 3 Jahre:<\/strong>Auswechseln des pyrotechnischen Druckgaserzeugers<\/p>\r\n                    <p><strong>Alle 4 Jahre:<\/strong>Auswechseln des Akkus der L\u00f6schanlagensteuerung&nbsp;&nbsp;&nbsp;&nbsp;&nbsp;&nbsp;&nbsp;<\/p>\r\n                    <p><span style=\"font-size: 101%; font-family: &quot;Open Sans&quot;; color: rgb(70, 112, 127);\">Unser autorisiertes und st\u00e4ndig geschultes Fachpersonal kennt unsere Anlagen und verwendet ausschlie\u00dflich Original-Ersatzteile. Befristet einsetzbare Bauteile werden von uns selbstverst\u00e4ndlich rechtzeitig ausgetauscht.<\/span><\/p>\r\n                    <p>\r\n                      <br>\r\n                    <\/p>\r\n                  <\/div>\r\n                <\/div>\r\n              <\/div>\r\n            <\/div>\r\n          <\/div>\r\n        <\/div>\r\n      <\/div>\r\n    <\/div>\r\n  <\/div>\r\n<\/div>","protected":false},"excerpt":{"rendered":"<p>DIENSTLEISTUNGEN KLEINL\u00d6SCHANLAGEN Laut DIN 14497 f\u00fcr Kleinl\u00f6schanlagen und Gesetzgeber ist eine j\u00e4hrliche Pr\u00fcfung der CO2-Kleinl\u00f6schanlagen vorgeschrieben. Kraft &amp; Bauer bietet Ihnen diesen Kundendienst an. Unser autorisiertes und st\u00e4ndig geschultes Fachpersonal kennt unsere Anlagen und verwendet ausschlie\u00dflich Original-Ersatzteile. Befristet einsetzbare Bauteile werden von uns selbstverst\u00e4ndlich rechtzeitig ausgetauscht. Wartungsintervalle bei CO2-Kleinl\u00f6schanlagen Viertelj\u00e4hrlich:Sichtpr\u00fcfung durch den Benutzer J\u00e4hrlich:Funktionspr\u00fcfung durch [&hellip;]<\/p>\n","protected":false},"author":1,"featured_media":0,"parent":247,"menu_order":0,"comment_status":"closed","ping_status":"closed","template":"page-templates\/full-width-page.php","meta":{"footnotes":""},"class_list":["post-651","page","type-page","status-publish","hentry"],"yoast_head":"<!-- This site is optimized with the Yoast SEO plugin v22.6 - https:\/\/yoast.com\/wordpress\/plugins\/seo\/ -->\n<title>Dienstleistungen f\u00fcr Kleinl\u00f6schanlagen<\/title>\n<meta name=\"description\" content=\"j\u00e4hrliche Pr\u00fcfungspflicht gem\u00e4\u00df DIN 14497 \u2714\ufe0fKundendienst \u2714\ufe0fWartung \u2714\ufe0fOriginal Ersatzteile \u2714\ufe0fWir betreuen Sie gerne info@kraft-bauer.com\" \/>\n<meta name=\"robots\" content=\"index, follow, max-snippet:-1, max-image-preview:large, max-video-preview:-1\" \/>\n<link rel=\"canonical\" href=\"https:\/\/kraft-bauer.com\/?page_id=651\" \/>\n<meta property=\"og:locale\" content=\"de_DE\" \/>\n<meta property=\"og:type\" content=\"article\" \/>\n<meta property=\"og:title\" content=\"Dienstleistungen f\u00fcr Kleinl\u00f6schanlagen\" \/>\n<meta property=\"og:description\" content=\"j\u00e4hrliche Pr\u00fcfungspflicht gem\u00e4\u00df DIN 14497 \u2714\ufe0fKundendienst \u2714\ufe0fWartung \u2714\ufe0fOriginal Ersatzteile \u2714\ufe0fWir betreuen Sie gerne info@kraft-bauer.com\" \/>\n<meta property=\"og:url\" content=\"https:\/\/kraft-bauer.com\/?page_id=651\" \/>\n<meta property=\"og:site_name\" content=\"Kraft-Bauer\" \/>\n<meta property=\"article:modified_time\" content=\"2024-05-06T19:44:03+00:00\" \/>\n<meta name=\"twitter:card\" content=\"summary_large_image\" \/>\n<meta name=\"twitter:label1\" content=\"Gesch\u00e4tzte Lesezeit\" \/>\n\t<meta name=\"twitter:data1\" content=\"1\u00a0Minute\" \/>\n<script type=\"application\/ld+json\" class=\"yoast-schema-graph\">{\"@context\":\"https:\/\/schema.org\",\"@graph\":[{\"@type\":\"WebPage\",\"@id\":\"https:\/\/kraft-bauer.com\/?page_id=651\",\"url\":\"https:\/\/kraft-bauer.com\/?page_id=651\",\"name\":\"Dienstleistungen f\u00fcr Kleinl\u00f6schanlagen\",\"isPartOf\":{\"@id\":\"https:\/\/kraft-bauer.com\/#website\"},\"datePublished\":\"2020-07-03T14:17:38+00:00\",\"dateModified\":\"2024-05-06T19:44:03+00:00\",\"description\":\"j\u00e4hrliche Pr\u00fcfungspflicht gem\u00e4\u00df DIN 14497 \u2714\ufe0fKundendienst \u2714\ufe0fWartung \u2714\ufe0fOriginal Ersatzteile \u2714\ufe0fWir betreuen Sie gerne info@kraft-bauer.com\",\"breadcrumb\":{\"@id\":\"https:\/\/kraft-bauer.com\/?page_id=651#breadcrumb\"},\"inLanguage\":\"de\",\"potentialAction\":[{\"@type\":\"ReadAction\",\"target\":[\"https:\/\/kraft-bauer.com\/?page_id=651\"]}]},{\"@type\":\"BreadcrumbList\",\"@id\":\"https:\/\/kraft-bauer.com\/?page_id=651#breadcrumb\",\"itemListElement\":[{\"@type\":\"ListItem\",\"position\":1,\"name\":\"Startseite\",\"item\":\"https:\/\/kraft-bauer.com\/\"},{\"@type\":\"ListItem\",\"position\":2,\"name\":\"Dienstleistungen\",\"item\":\"https:\/\/kraft-bauer.com\/?page_id=247\"},{\"@type\":\"ListItem\",\"position\":3,\"name\":\"Kleinl\u00f6schanlage\"}]},{\"@type\":\"WebSite\",\"@id\":\"https:\/\/kraft-bauer.com\/#website\",\"url\":\"https:\/\/kraft-bauer.com\/\",\"name\":\"Kraft & Bauer Brandschutzsysteme GmbH\",\"description\":\"L\u00f6schanlagen und Feuerl\u00f6scher zur Brandvermeidung und -bek\u00e4mpfung. F\u00fcr die Sicherheit Ihrer Unternehmens- und Produktionsbereiche. Wir beraten Sie gerne info@kraft-bauer.com\",\"publisher\":{\"@id\":\"https:\/\/kraft-bauer.com\/#organization\"},\"potentialAction\":[{\"@type\":\"SearchAction\",\"target\":{\"@type\":\"EntryPoint\",\"urlTemplate\":\"https:\/\/kraft-bauer.com\/?s={search_term_string}\"},\"query-input\":\"required name=search_term_string\"}],\"inLanguage\":\"de\"},{\"@type\":\"Organization\",\"@id\":\"https:\/\/kraft-bauer.com\/#organization\",\"name\":\"Kraft & Bauer Brandschutzsysteme GmbH\",\"url\":\"https:\/\/kraft-bauer.com\/\",\"logo\":{\"@type\":\"ImageObject\",\"inLanguage\":\"de\",\"@id\":\"https:\/\/kraft-bauer.com\/#\/schema\/logo\/image\/\",\"url\":\"https:\/\/kraft-bauer.com\/wp-content\/uploads\/2020\/07\/cropped-logo_header-scaled-2.jpg\",\"contentUrl\":\"https:\/\/kraft-bauer.com\/wp-content\/uploads\/2020\/07\/cropped-logo_header-scaled-2.jpg\",\"width\":2491,\"height\":735,\"caption\":\"Kraft & Bauer Brandschutzsysteme GmbH\"},\"image\":{\"@id\":\"https:\/\/kraft-bauer.com\/#\/schema\/logo\/image\/\"}}]}<\/script>\n<!-- \/ Yoast SEO plugin. -->","yoast_head_json":{"title":"Dienstleistungen f\u00fcr Kleinl\u00f6schanlagen","description":"j\u00e4hrliche Pr\u00fcfungspflicht gem\u00e4\u00df DIN 14497 \u2714\ufe0fKundendienst \u2714\ufe0fWartung \u2714\ufe0fOriginal Ersatzteile \u2714\ufe0fWir betreuen Sie gerne info@kraft-bauer.com","robots":{"index":"index","follow":"follow","max-snippet":"max-snippet:-1","max-image-preview":"max-image-preview:large","max-video-preview":"max-video-preview:-1"},"canonical":"https:\/\/kraft-bauer.com\/?page_id=651","og_locale":"de_DE","og_type":"article","og_title":"Dienstleistungen f\u00fcr Kleinl\u00f6schanlagen","og_description":"j\u00e4hrliche Pr\u00fcfungspflicht gem\u00e4\u00df DIN 14497 \u2714\ufe0fKundendienst \u2714\ufe0fWartung \u2714\ufe0fOriginal Ersatzteile \u2714\ufe0fWir betreuen Sie gerne info@kraft-bauer.com","og_url":"https:\/\/kraft-bauer.com\/?page_id=651","og_site_name":"Kraft-Bauer","article_modified_time":"2024-05-06T19:44:03+00:00","twitter_card":"summary_large_image","twitter_misc":{"Gesch\u00e4tzte Lesezeit":"1\u00a0Minute"},"schema":{"@context":"https:\/\/schema.org","@graph":[{"@type":"WebPage","@id":"https:\/\/kraft-bauer.com\/?page_id=651","url":"https:\/\/kraft-bauer.com\/?page_id=651","name":"Dienstleistungen f\u00fcr Kleinl\u00f6schanlagen","isPartOf":{"@id":"https:\/\/kraft-bauer.com\/#website"},"datePublished":"2020-07-03T14:17:38+00:00","dateModified":"2024-05-06T19:44:03+00:00","description":"j\u00e4hrliche Pr\u00fcfungspflicht gem\u00e4\u00df DIN 14497 \u2714\ufe0fKundendienst \u2714\ufe0fWartung \u2714\ufe0fOriginal Ersatzteile \u2714\ufe0fWir betreuen Sie gerne info@kraft-bauer.com","breadcrumb":{"@id":"https:\/\/kraft-bauer.com\/?page_id=651#breadcrumb"},"inLanguage":"de","potentialAction":[{"@type":"ReadAction","target":["https:\/\/kraft-bauer.com\/?page_id=651"]}]},{"@type":"BreadcrumbList","@id":"https:\/\/kraft-bauer.com\/?page_id=651#breadcrumb","itemListElement":[{"@type":"ListItem","position":1,"name":"Startseite","item":"https:\/\/kraft-bauer.com\/"},{"@type":"ListItem","position":2,"name":"Dienstleistungen","item":"https:\/\/kraft-bauer.com\/?page_id=247"},{"@type":"ListItem","position":3,"name":"Kleinl\u00f6schanlage"}]},{"@type":"WebSite","@id":"https:\/\/kraft-bauer.com\/#website","url":"https:\/\/kraft-bauer.com\/","name":"Kraft & Bauer Brandschutzsysteme GmbH","description":"L\u00f6schanlagen und Feuerl\u00f6scher zur Brandvermeidung und -bek\u00e4mpfung. F\u00fcr die Sicherheit Ihrer Unternehmens- und Produktionsbereiche. Wir beraten Sie gerne info@kraft-bauer.com","publisher":{"@id":"https:\/\/kraft-bauer.com\/#organization"},"potentialAction":[{"@type":"SearchAction","target":{"@type":"EntryPoint","urlTemplate":"https:\/\/kraft-bauer.com\/?s={search_term_string}"},"query-input":"required name=search_term_string"}],"inLanguage":"de"},{"@type":"Organization","@id":"https:\/\/kraft-bauer.com\/#organization","name":"Kraft & Bauer Brandschutzsysteme GmbH","url":"https:\/\/kraft-bauer.com\/","logo":{"@type":"ImageObject","inLanguage":"de","@id":"https:\/\/kraft-bauer.com\/#\/schema\/logo\/image\/","url":"https:\/\/kraft-bauer.com\/wp-content\/uploads\/2020\/07\/cropped-logo_header-scaled-2.jpg","contentUrl":"https:\/\/kraft-bauer.com\/wp-content\/uploads\/2020\/07\/cropped-logo_header-scaled-2.jpg","width":2491,"height":735,"caption":"Kraft & Bauer Brandschutzsysteme GmbH"},"image":{"@id":"https:\/\/kraft-bauer.com\/#\/schema\/logo\/image\/"}}]}},"_links":{"self":[{"href":"https:\/\/kraft-bauer.com\/index.php?rest_route=\/wp\/v2\/pages\/651","targetHints":{"allow":["GET"]}}],"collection":[{"href":"https:\/\/kraft-bauer.com\/index.php?rest_route=\/wp\/v2\/pages"}],"about":[{"href":"https:\/\/kraft-bauer.com\/index.php?rest_route=\/wp\/v2\/types\/page"}],"author":[{"embeddable":true,"href":"https:\/\/kraft-bauer.com\/index.php?rest_route=\/wp\/v2\/users\/1"}],"replies":[{"embeddable":true,"href":"https:\/\/kraft-bauer.com\/index.php?rest_route=%2Fwp%2Fv2%2Fcomments&post=651"}],"version-history":[{"count":3,"href":"https:\/\/kraft-bauer.com\/index.php?rest_route=\/wp\/v2\/pages\/651\/revisions"}],"predecessor-version":[{"id":1265,"href":"https:\/\/kraft-bauer.com\/index.php?rest_route=\/wp\/v2\/pages\/651\/revisions\/1265"}],"up":[{"embeddable":true,"href":"https:\/\/kraft-bauer.com\/index.php?rest_route=\/wp\/v2\/pages\/247"}],"wp:attachment":[{"href":"https:\/\/kraft-bauer.com\/index.php?rest_route=%2Fwp%2Fv2%2Fmedia&parent=651"}],"curies":[{"name":"wp","href":"https:\/\/api.w.org\/{rel}","templated":true}]}}