{"id":470,"date":"2020-07-02T11:39:38","date_gmt":"2020-07-02T11:39:38","guid":{"rendered":"https:\/\/kraft-bauer.com\/?page_id=470"},"modified":"2024-05-06T19:39:02","modified_gmt":"2024-05-06T19:39:02","slug":"funkenloeschanlage","status":"publish","type":"page","link":"https:\/\/kraft-bauer.com\/?page_id=470","title":{"rendered":"Funkenl\u00f6schanlage"},"content":{"rendered":"<div class=\"style-345 style-local-470-c1 position-relative\" data-colibri-id=\"470-c1\">\r\n<div id=\"initial-content\" class=\"h-section h-section-global-spacing d-flex align-items-lg-center align-items-md-center align-items-center style-346 style-local-470-c2 position-relative\" data-colibri-component=\"section\" data-colibri-id=\"470-c2\">\r\n<div class=\"h-section-grid-container h-section-boxed-container\">\r\n<div class=\"h-row-container gutters-row-lg-2 gutters-row-md-2 gutters-row-0 gutters-row-v-lg-2 gutters-row-v-md-2 gutters-row-v-2 style-347 style-local-470-c3 position-relative\" data-colibri-id=\"470-c3\">\r\n<div class=\"h-row justify-content-lg-center justify-content-md-center justify-content-center align-items-lg-stretch align-items-md-stretch align-items-stretch gutters-col-lg-2 gutters-col-md-2 gutters-col-0 gutters-col-v-lg-2 gutters-col-v-md-2 gutters-col-v-2\">\r\n<div class=\"h-column h-column-container d-flex h-col-lg-auto h-col-md-auto h-col-auto style-348-outer style-local-470-c4-outer\">\r\n<div class=\"d-flex h-flex-basis h-column__inner h-px-lg-2 h-px-md-2 h-px-2 v-inner-lg-2 v-inner-md-2 v-inner-2 style-348 style-local-470-c4 position-relative\" data-colibri-id=\"470-c4\">\r\n<div class=\"w-100 h-y-container h-column__content h-column__v-align flex-basis-100 align-self-lg-start align-self-md-start align-self-start\">\r\n<div class=\"style-349 style-local-470-c5 position-relative h-element\" data-colibri-id=\"470-c5\">\r\n<div>\r\n<h3>Funkenl\u00f6schanlage<\/h3>\r\n\u00d6lnebel, die in geschlossenen Maschinen entstehen, k\u00f6nnen durch eine m\u00f6gliche Entz\u00fcndung mit enormen Druck verpuffen. Bei Maschinen mit zentraler Absauganlage kann dies verheerende Folgen haben. Hier kann sich der Brand durch das Rohrsystem in die Filteranlage\r\nauf die anderen angeschlossenen Produktionsmaschinen und das Produktionsgeb\u00e4ude ausbreiten. Im Falle dieses Maschinenbrands entsteht durch den Unterdruck am Absaugbereich extrem hohe Hitze, die in das zentrale Absaugrohrsystem einzieht.\r\nDer dort be\ufb01ndlichen \u00d6lnebel sowie sonstige R\u00fcckst\u00e4nde entz\u00fcnden sich in Sekundenschnelle.\r\n\r\n<strong>Optimale Brandbek\u00e4mpfung mit Kraft &amp; Bauer<\/strong>\r\n\r\nMit seiner Funkenl\u00f6schanlage wirkt Kraft &amp; Bauer erfolgreich entgegen. Wichtigste Komponenten sind:\r\n<ul>\r\n \t<li>Funkenmelder f\u00fcr das Rohrsystem<\/li>\r\n \t<li>L\u00f6schanlagensteuerung, Handausl\u00f6sung,<\/li>\r\n \t<li>akustische und optische Alarmierung<\/li>\r\n \t<li>CO\u00b2-L\u00f6schmittelbeh\u00e4lter mit Schwundmeldeeinrichtung im Flaschengestell oder Schrank<\/li>\r\n \t<li>Thermomaximalmelder f\u00fcr den Filterraum<\/li>\r\n \t<li>Luftabsperr-Flammschutzklappen<\/li>\r\n<\/ul>\r\n<\/div>\r\n<\/div>\r\n<\/div>\r\n<\/div>\r\n<\/div>\r\n<\/div>\r\n<\/div>\r\n<div class=\"h-row-container gutters-row-lg-2 gutters-row-md-2 gutters-row-0 gutters-row-v-lg-2 gutters-row-v-md-2 gutters-row-v-2 style-350 style-local-470-c6 position-relative\" data-colibri-id=\"470-c6\">\r\n<div class=\"h-row justify-content-lg-center justify-content-md-center justify-content-center align-items-lg-stretch align-items-md-stretch align-items-stretch gutters-col-lg-2 gutters-col-md-2 gutters-col-0 gutters-col-v-lg-2 gutters-col-v-md-2 gutters-col-v-2\">\r\n<div class=\"h-column h-column-container d-flex h-col-lg-auto h-col-md-auto h-col-auto style-351-outer style-local-470-c7-outer\">\r\n<div class=\"d-flex h-flex-basis h-column__inner h-px-lg-2 h-px-md-2 h-px-2 v-inner-lg-2 v-inner-md-2 v-inner-2 style-351 style-local-470-c7 position-relative\" data-colibri-id=\"470-c7\">\r\n<div class=\"w-100 h-y-container h-column__content h-column__v-align flex-basis-100 align-self-lg-start align-self-md-start align-self-start\">\r\n<div class=\"d-block style-353 style-local-470-c9 position-relative h-element\" data-colibri-id=\"470-c9\">\r\n<div class=\"h-image__frame-container-outer\">\r\n<div class=\"h-image__frame-container\">\r\n\r\n<img decoding=\"async\" width=\"449\" height=\"501\" class=\"wp-image-479 style-353-image style-local-470-c9-image\" src=\"https:\/\/kraft-bauer.com\/wp-content\/uploads\/2020\/07\/cropped-flanl01.jpg\" alt=\"\" srcset=\"https:\/\/kraft-bauer.com\/wp-content\/uploads\/2020\/07\/cropped-flanl01.jpg 449w, https:\/\/kraft-bauer.com\/wp-content\/uploads\/2020\/07\/cropped-flanl01-269x300.jpg 269w\" sizes=\"(max-width: 449px) 100vw, 449px\" \/>\r\n<div class=\"h-image__frame h-hide-lg h-hide-md h-hide-sm style-353-frameImage style-local-470-c9-frameImage\"><\/div>\r\n<\/div>\r\n<\/div>\r\n<\/div>\r\n<\/div>\r\n<\/div>\r\n<\/div>\r\n<div class=\"h-column h-column-container d-flex h-col-lg-auto h-col-md-auto h-col-auto style-352-outer style-local-470-c8-outer\">\r\n<div class=\"d-flex h-flex-basis h-column__inner h-px-lg-2 h-px-md-2 h-px-2 v-inner-lg-2 v-inner-md-2 v-inner-2 style-352 style-local-470-c8 position-relative\" data-colibri-id=\"470-c8\">\r\n<div class=\"w-100 h-y-container h-column__content h-column__v-align flex-basis-100 align-self-lg-start align-self-md-start align-self-start\">\r\n<div class=\"d-block style-354 style-local-470-c10 position-relative h-element\" data-colibri-id=\"470-c10\">\r\n<div class=\"h-image__frame-container-outer\">\r\n<div class=\"h-image__frame-container\">\r\n\r\n<img decoding=\"async\" width=\"690\" height=\"557\" class=\"wp-image-480 style-354-image style-local-470-c10-image\" src=\"https:\/\/kraft-bauer.com\/wp-content\/uploads\/2020\/07\/cropped-flanl02.jpg\" alt=\"\" srcset=\"https:\/\/kraft-bauer.com\/wp-content\/uploads\/2020\/07\/cropped-flanl02.jpg 690w, https:\/\/kraft-bauer.com\/wp-content\/uploads\/2020\/07\/cropped-flanl02-300x242.jpg 300w\" sizes=\"(max-width: 690px) 100vw, 690px\" \/>\r\n<div class=\"h-image__frame h-hide-lg h-hide-md h-hide-sm style-354-frameImage style-local-470-c10-frameImage\"><\/div>\r\n<\/div>\r\n<\/div>\r\n<\/div>\r\n<\/div>\r\n<\/div>\r\n<\/div>\r\n<\/div>\r\n<\/div>\r\n<\/div>\r\n<\/div>\r\n<\/div>","protected":false},"excerpt":{"rendered":"<p>Funkenl\u00f6schanlage \u00d6lnebel, die in geschlossenen Maschinen entstehen, k\u00f6nnen durch eine m\u00f6gliche Entz\u00fcndung mit enormen Druck verpuffen. Bei Maschinen mit zentraler Absauganlage kann dies verheerende Folgen haben. Hier kann sich der Brand durch das Rohrsystem in die Filteranlage auf die anderen angeschlossenen Produktionsmaschinen und das Produktionsgeb\u00e4ude ausbreiten. Im Falle dieses Maschinenbrands entsteht durch den Unterdruck am [&hellip;]<\/p>\n","protected":false},"author":1,"featured_media":0,"parent":226,"menu_order":0,"comment_status":"closed","ping_status":"closed","template":"","meta":{"footnotes":""},"class_list":["post-470","page","type-page","status-publish","hentry"],"yoast_head":"<!-- This site is optimized with the Yoast SEO plugin v22.6 - https:\/\/yoast.com\/wordpress\/plugins\/seo\/ -->\n<title>Funkenl\u00f6schanlage<\/title>\n<meta name=\"description\" content=\"Optimale Brandbek\u00e4mpfung mit der Kraft &amp; Bauer Funkenl\u00f6schanlage \u2714\ufe0fFunkenmelder \u2714\ufe0fakustische und optische Alarmierung\u2714\ufe0fCO\u00b2-L\u00f6schmittel \u2714\ufe0fLuftabsperr-Flammschutzklappen\u2714\ufe0fWir beraten Sie gerne info@kraft-bauer.com\" \/>\n<meta name=\"robots\" content=\"index, follow, max-snippet:-1, max-image-preview:large, max-video-preview:-1\" \/>\n<link rel=\"canonical\" href=\"https:\/\/kraft-bauer.com\/?page_id=470\" \/>\n<meta property=\"og:locale\" content=\"de_DE\" \/>\n<meta property=\"og:type\" content=\"article\" \/>\n<meta property=\"og:title\" content=\"Funkenl\u00f6schanlage\" \/>\n<meta property=\"og:description\" content=\"Optimale Brandbek\u00e4mpfung mit der Kraft &amp; Bauer Funkenl\u00f6schanlage \u2714\ufe0fFunkenmelder \u2714\ufe0fakustische und optische Alarmierung\u2714\ufe0fCO\u00b2-L\u00f6schmittel \u2714\ufe0fLuftabsperr-Flammschutzklappen\u2714\ufe0fWir beraten Sie gerne info@kraft-bauer.com\" \/>\n<meta property=\"og:url\" content=\"https:\/\/kraft-bauer.com\/?page_id=470\" \/>\n<meta property=\"og:site_name\" content=\"Kraft-Bauer\" \/>\n<meta property=\"article:modified_time\" content=\"2024-05-06T19:39:02+00:00\" \/>\n<meta property=\"og:image\" content=\"https:\/\/kraft-bauer.com\/wp-content\/uploads\/2020\/07\/cropped-flanl01.jpg\" \/>\n<meta name=\"twitter:card\" content=\"summary_large_image\" \/>\n<meta name=\"twitter:label1\" content=\"Gesch\u00e4tzte Lesezeit\" \/>\n\t<meta name=\"twitter:data1\" content=\"2\u00a0Minuten\" \/>\n<script type=\"application\/ld+json\" class=\"yoast-schema-graph\">{\"@context\":\"https:\/\/schema.org\",\"@graph\":[{\"@type\":\"WebPage\",\"@id\":\"https:\/\/kraft-bauer.com\/?page_id=470\",\"url\":\"https:\/\/kraft-bauer.com\/?page_id=470\",\"name\":\"Funkenl\u00f6schanlage\",\"isPartOf\":{\"@id\":\"https:\/\/kraft-bauer.com\/#website\"},\"primaryImageOfPage\":{\"@id\":\"https:\/\/kraft-bauer.com\/?page_id=470#primaryimage\"},\"image\":{\"@id\":\"https:\/\/kraft-bauer.com\/?page_id=470#primaryimage\"},\"thumbnailUrl\":\"https:\/\/kraft-bauer.com\/wp-content\/uploads\/2020\/07\/cropped-flanl01.jpg\",\"datePublished\":\"2020-07-02T11:39:38+00:00\",\"dateModified\":\"2024-05-06T19:39:02+00:00\",\"description\":\"Optimale Brandbek\u00e4mpfung mit der Kraft & Bauer Funkenl\u00f6schanlage \u2714\ufe0fFunkenmelder \u2714\ufe0fakustische und optische Alarmierung\u2714\ufe0fCO\u00b2-L\u00f6schmittel \u2714\ufe0fLuftabsperr-Flammschutzklappen\u2714\ufe0fWir beraten Sie gerne info@kraft-bauer.com\",\"breadcrumb\":{\"@id\":\"https:\/\/kraft-bauer.com\/?page_id=470#breadcrumb\"},\"inLanguage\":\"de\",\"potentialAction\":[{\"@type\":\"ReadAction\",\"target\":[\"https:\/\/kraft-bauer.com\/?page_id=470\"]}]},{\"@type\":\"ImageObject\",\"inLanguage\":\"de\",\"@id\":\"https:\/\/kraft-bauer.com\/?page_id=470#primaryimage\",\"url\":\"https:\/\/kraft-bauer.com\/wp-content\/uploads\/2020\/07\/cropped-flanl01.jpg\",\"contentUrl\":\"https:\/\/kraft-bauer.com\/wp-content\/uploads\/2020\/07\/cropped-flanl01.jpg\",\"width\":449,\"height\":501},{\"@type\":\"BreadcrumbList\",\"@id\":\"https:\/\/kraft-bauer.com\/?page_id=470#breadcrumb\",\"itemListElement\":[{\"@type\":\"ListItem\",\"position\":1,\"name\":\"Startseite\",\"item\":\"https:\/\/kraft-bauer.com\/\"},{\"@type\":\"ListItem\",\"position\":2,\"name\":\"L\u00f6schanlage\",\"item\":\"https:\/\/kraft-bauer.com\/?page_id=226\"},{\"@type\":\"ListItem\",\"position\":3,\"name\":\"Funkenl\u00f6schanlage\"}]},{\"@type\":\"WebSite\",\"@id\":\"https:\/\/kraft-bauer.com\/#website\",\"url\":\"https:\/\/kraft-bauer.com\/\",\"name\":\"Kraft & Bauer Brandschutzsysteme GmbH\",\"description\":\"L\u00f6schanlagen und Feuerl\u00f6scher zur Brandvermeidung und -bek\u00e4mpfung. F\u00fcr die Sicherheit Ihrer Unternehmens- und Produktionsbereiche. Wir beraten Sie gerne info@kraft-bauer.com\",\"publisher\":{\"@id\":\"https:\/\/kraft-bauer.com\/#organization\"},\"potentialAction\":[{\"@type\":\"SearchAction\",\"target\":{\"@type\":\"EntryPoint\",\"urlTemplate\":\"https:\/\/kraft-bauer.com\/?s={search_term_string}\"},\"query-input\":\"required name=search_term_string\"}],\"inLanguage\":\"de\"},{\"@type\":\"Organization\",\"@id\":\"https:\/\/kraft-bauer.com\/#organization\",\"name\":\"Kraft & Bauer Brandschutzsysteme GmbH\",\"url\":\"https:\/\/kraft-bauer.com\/\",\"logo\":{\"@type\":\"ImageObject\",\"inLanguage\":\"de\",\"@id\":\"https:\/\/kraft-bauer.com\/#\/schema\/logo\/image\/\",\"url\":\"https:\/\/kraft-bauer.com\/wp-content\/uploads\/2020\/07\/cropped-logo_header-scaled-2.jpg\",\"contentUrl\":\"https:\/\/kraft-bauer.com\/wp-content\/uploads\/2020\/07\/cropped-logo_header-scaled-2.jpg\",\"width\":2491,\"height\":735,\"caption\":\"Kraft & Bauer Brandschutzsysteme GmbH\"},\"image\":{\"@id\":\"https:\/\/kraft-bauer.com\/#\/schema\/logo\/image\/\"}}]}<\/script>\n<!-- \/ Yoast SEO plugin. -->","yoast_head_json":{"title":"Funkenl\u00f6schanlage","description":"Optimale Brandbek\u00e4mpfung mit der Kraft & Bauer Funkenl\u00f6schanlage \u2714\ufe0fFunkenmelder \u2714\ufe0fakustische und optische Alarmierung\u2714\ufe0fCO\u00b2-L\u00f6schmittel \u2714\ufe0fLuftabsperr-Flammschutzklappen\u2714\ufe0fWir beraten Sie gerne info@kraft-bauer.com","robots":{"index":"index","follow":"follow","max-snippet":"max-snippet:-1","max-image-preview":"max-image-preview:large","max-video-preview":"max-video-preview:-1"},"canonical":"https:\/\/kraft-bauer.com\/?page_id=470","og_locale":"de_DE","og_type":"article","og_title":"Funkenl\u00f6schanlage","og_description":"Optimale Brandbek\u00e4mpfung mit der Kraft & Bauer Funkenl\u00f6schanlage \u2714\ufe0fFunkenmelder \u2714\ufe0fakustische und optische Alarmierung\u2714\ufe0fCO\u00b2-L\u00f6schmittel \u2714\ufe0fLuftabsperr-Flammschutzklappen\u2714\ufe0fWir beraten Sie gerne info@kraft-bauer.com","og_url":"https:\/\/kraft-bauer.com\/?page_id=470","og_site_name":"Kraft-Bauer","article_modified_time":"2024-05-06T19:39:02+00:00","og_image":[{"url":"https:\/\/kraft-bauer.com\/wp-content\/uploads\/2020\/07\/cropped-flanl01.jpg"}],"twitter_card":"summary_large_image","twitter_misc":{"Gesch\u00e4tzte Lesezeit":"2\u00a0Minuten"},"schema":{"@context":"https:\/\/schema.org","@graph":[{"@type":"WebPage","@id":"https:\/\/kraft-bauer.com\/?page_id=470","url":"https:\/\/kraft-bauer.com\/?page_id=470","name":"Funkenl\u00f6schanlage","isPartOf":{"@id":"https:\/\/kraft-bauer.com\/#website"},"primaryImageOfPage":{"@id":"https:\/\/kraft-bauer.com\/?page_id=470#primaryimage"},"image":{"@id":"https:\/\/kraft-bauer.com\/?page_id=470#primaryimage"},"thumbnailUrl":"https:\/\/kraft-bauer.com\/wp-content\/uploads\/2020\/07\/cropped-flanl01.jpg","datePublished":"2020-07-02T11:39:38+00:00","dateModified":"2024-05-06T19:39:02+00:00","description":"Optimale Brandbek\u00e4mpfung mit der Kraft & Bauer Funkenl\u00f6schanlage \u2714\ufe0fFunkenmelder \u2714\ufe0fakustische und optische Alarmierung\u2714\ufe0fCO\u00b2-L\u00f6schmittel \u2714\ufe0fLuftabsperr-Flammschutzklappen\u2714\ufe0fWir beraten Sie gerne info@kraft-bauer.com","breadcrumb":{"@id":"https:\/\/kraft-bauer.com\/?page_id=470#breadcrumb"},"inLanguage":"de","potentialAction":[{"@type":"ReadAction","target":["https:\/\/kraft-bauer.com\/?page_id=470"]}]},{"@type":"ImageObject","inLanguage":"de","@id":"https:\/\/kraft-bauer.com\/?page_id=470#primaryimage","url":"https:\/\/kraft-bauer.com\/wp-content\/uploads\/2020\/07\/cropped-flanl01.jpg","contentUrl":"https:\/\/kraft-bauer.com\/wp-content\/uploads\/2020\/07\/cropped-flanl01.jpg","width":449,"height":501},{"@type":"BreadcrumbList","@id":"https:\/\/kraft-bauer.com\/?page_id=470#breadcrumb","itemListElement":[{"@type":"ListItem","position":1,"name":"Startseite","item":"https:\/\/kraft-bauer.com\/"},{"@type":"ListItem","position":2,"name":"L\u00f6schanlage","item":"https:\/\/kraft-bauer.com\/?page_id=226"},{"@type":"ListItem","position":3,"name":"Funkenl\u00f6schanlage"}]},{"@type":"WebSite","@id":"https:\/\/kraft-bauer.com\/#website","url":"https:\/\/kraft-bauer.com\/","name":"Kraft & Bauer Brandschutzsysteme GmbH","description":"L\u00f6schanlagen und Feuerl\u00f6scher zur Brandvermeidung und -bek\u00e4mpfung. F\u00fcr die Sicherheit Ihrer Unternehmens- und Produktionsbereiche. Wir beraten Sie gerne info@kraft-bauer.com","publisher":{"@id":"https:\/\/kraft-bauer.com\/#organization"},"potentialAction":[{"@type":"SearchAction","target":{"@type":"EntryPoint","urlTemplate":"https:\/\/kraft-bauer.com\/?s={search_term_string}"},"query-input":"required name=search_term_string"}],"inLanguage":"de"},{"@type":"Organization","@id":"https:\/\/kraft-bauer.com\/#organization","name":"Kraft & Bauer Brandschutzsysteme GmbH","url":"https:\/\/kraft-bauer.com\/","logo":{"@type":"ImageObject","inLanguage":"de","@id":"https:\/\/kraft-bauer.com\/#\/schema\/logo\/image\/","url":"https:\/\/kraft-bauer.com\/wp-content\/uploads\/2020\/07\/cropped-logo_header-scaled-2.jpg","contentUrl":"https:\/\/kraft-bauer.com\/wp-content\/uploads\/2020\/07\/cropped-logo_header-scaled-2.jpg","width":2491,"height":735,"caption":"Kraft & Bauer Brandschutzsysteme GmbH"},"image":{"@id":"https:\/\/kraft-bauer.com\/#\/schema\/logo\/image\/"}}]}},"_links":{"self":[{"href":"https:\/\/kraft-bauer.com\/index.php?rest_route=\/wp\/v2\/pages\/470","targetHints":{"allow":["GET"]}}],"collection":[{"href":"https:\/\/kraft-bauer.com\/index.php?rest_route=\/wp\/v2\/pages"}],"about":[{"href":"https:\/\/kraft-bauer.com\/index.php?rest_route=\/wp\/v2\/types\/page"}],"author":[{"embeddable":true,"href":"https:\/\/kraft-bauer.com\/index.php?rest_route=\/wp\/v2\/users\/1"}],"replies":[{"embeddable":true,"href":"https:\/\/kraft-bauer.com\/index.php?rest_route=%2Fwp%2Fv2%2Fcomments&post=470"}],"version-history":[{"count":10,"href":"https:\/\/kraft-bauer.com\/index.php?rest_route=\/wp\/v2\/pages\/470\/revisions"}],"predecessor-version":[{"id":1370,"href":"https:\/\/kraft-bauer.com\/index.php?rest_route=\/wp\/v2\/pages\/470\/revisions\/1370"}],"up":[{"embeddable":true,"href":"https:\/\/kraft-bauer.com\/index.php?rest_route=\/wp\/v2\/pages\/226"}],"wp:attachment":[{"href":"https:\/\/kraft-bauer.com\/index.php?rest_route=%2Fwp%2Fv2%2Fmedia&parent=470"}],"curies":[{"name":"wp","href":"https:\/\/api.w.org\/{rel}","templated":true}]}}