{"id":325,"date":"2020-07-01T12:59:36","date_gmt":"2020-07-01T12:59:36","guid":{"rendered":"https:\/\/kraft-bauer.com\/?page_id=325"},"modified":"2024-05-06T19:37:13","modified_gmt":"2024-05-06T19:37:13","slug":"aerosol-loeschanlagen","status":"publish","type":"page","link":"https:\/\/kraft-bauer.com\/?page_id=325","title":{"rendered":"AEROSOL"},"content":{"rendered":"<p>Die Aerosol Feuerl\u00f6schtechnologie beruht auf einem pyrotechnischen L\u00f6schsatz. Im Brandfall wird dieser L\u00f6schsatz elektrisch, thermisch oder manuell gez\u00fcndet. Der aus Kaliumnitrat und Nitroguanidin bestehende pyrotechnische L\u00f6schsatz wird zur Reaktion gebracht. Als Folge der chemischen Reaktion wird Kaliumcarbonat erzeugt, das mit den gleichzeitig erzeugten Reaktionsgasen eine K\u00fchlstrecke durchstr\u00f6mt und aus den \u00d6ffnungen am Boden des Feuerl\u00f6schers als Aerosol in feinster Form an die Umgebung austritt.<\/p>\n<p>Die L\u00f6schwirkung des Aerosols bzw. des Kaliumcarbonats ist ein Zusammenspiel aus einem physikalischen und einem chemischen Proze\u00df. Die Ionisation in der Flamme entzieht dem Verbrennungsproze\u00df Energie. Freie Radikale in der Flamme werden durch das Kaliumcarbonat gebunden und die Kettenreaktion unterbrochen. Das L\u00f6schprinzip beruht also nicht wie bei anderen Feuerl\u00f6schern auf dem Entzug von f\u00fcr die Verbrennung wichtigem Sauerstoff oder auf K\u00fchlung, sondern auf dem Prinzip der Unterbrechung des Oxidationsproze\u00dfes auf molekularer Ebene.<\/p>\n","protected":false},"excerpt":{"rendered":"<p>Die Aerosol Feuerl\u00f6schtechnologie beruht auf einem pyrotechnischen L\u00f6schsatz. Im Brandfall wird dieser L\u00f6schsatz elektrisch, thermisch oder manuell gez\u00fcndet. Der aus Kaliumnitrat und Nitroguanidin bestehende pyrotechnische L\u00f6schsatz wird zur Reaktion gebracht. Als Folge der chemischen Reaktion wird Kaliumcarbonat erzeugt, das mit den gleichzeitig erzeugten Reaktionsgasen eine K\u00fchlstrecke durchstr\u00f6mt und aus den \u00d6ffnungen am Boden des Feuerl\u00f6schers [&hellip;]<\/p>\n","protected":false},"author":1,"featured_media":0,"parent":226,"menu_order":0,"comment_status":"closed","ping_status":"closed","template":"","meta":{"footnotes":""},"class_list":["post-325","page","type-page","status-publish","hentry"],"yoast_head":"<!-- This site is optimized with the Yoast SEO plugin v22.6 - https:\/\/yoast.com\/wordpress\/plugins\/seo\/ -->\n<title>Aerosol- L\u00f6schanlagen<\/title>\n<meta name=\"description\" content=\"pyrotechnischer L\u00f6schsatz \u2714\ufe0fZ\u00fcndung elektrisch, thermisch oder manuell \u2714\ufe0fL\u00f6schsatz aus Kaliumnitrat und Nitroguanidin \u2714\ufe0fAersosoll\u00f6schung \u2714\ufe0fWir beraten Sie gerne info@kraft-bauer.com\" \/>\n<meta name=\"robots\" content=\"index, follow, max-snippet:-1, max-image-preview:large, max-video-preview:-1\" \/>\n<link rel=\"canonical\" href=\"https:\/\/kraft-bauer.com\/?page_id=325\" \/>\n<meta property=\"og:locale\" content=\"de_DE\" \/>\n<meta property=\"og:type\" content=\"article\" \/>\n<meta property=\"og:title\" content=\"Aerosol- L\u00f6schanlagen\" \/>\n<meta property=\"og:description\" content=\"pyrotechnischer L\u00f6schsatz \u2714\ufe0fZ\u00fcndung elektrisch, thermisch oder manuell \u2714\ufe0fL\u00f6schsatz aus Kaliumnitrat und Nitroguanidin \u2714\ufe0fAersosoll\u00f6schung \u2714\ufe0fWir beraten Sie gerne info@kraft-bauer.com\" \/>\n<meta property=\"og:url\" content=\"https:\/\/kraft-bauer.com\/?page_id=325\" \/>\n<meta property=\"og:site_name\" content=\"Kraft-Bauer\" \/>\n<meta property=\"article:modified_time\" content=\"2024-05-06T19:37:13+00:00\" \/>\n<meta name=\"twitter:card\" content=\"summary_large_image\" \/>\n<meta name=\"twitter:label1\" content=\"Gesch\u00e4tzte Lesezeit\" \/>\n\t<meta name=\"twitter:data1\" content=\"1\u00a0Minute\" \/>\n<script type=\"application\/ld+json\" class=\"yoast-schema-graph\">{\"@context\":\"https:\/\/schema.org\",\"@graph\":[{\"@type\":\"WebPage\",\"@id\":\"https:\/\/kraft-bauer.com\/?page_id=325\",\"url\":\"https:\/\/kraft-bauer.com\/?page_id=325\",\"name\":\"Aerosol- L\u00f6schanlagen\",\"isPartOf\":{\"@id\":\"https:\/\/kraft-bauer.com\/#website\"},\"datePublished\":\"2020-07-01T12:59:36+00:00\",\"dateModified\":\"2024-05-06T19:37:13+00:00\",\"description\":\"pyrotechnischer L\u00f6schsatz \u2714\ufe0fZ\u00fcndung elektrisch, thermisch oder manuell \u2714\ufe0fL\u00f6schsatz aus Kaliumnitrat und Nitroguanidin \u2714\ufe0fAersosoll\u00f6schung \u2714\ufe0fWir beraten Sie gerne info@kraft-bauer.com\",\"breadcrumb\":{\"@id\":\"https:\/\/kraft-bauer.com\/?page_id=325#breadcrumb\"},\"inLanguage\":\"de\",\"potentialAction\":[{\"@type\":\"ReadAction\",\"target\":[\"https:\/\/kraft-bauer.com\/?page_id=325\"]}]},{\"@type\":\"BreadcrumbList\",\"@id\":\"https:\/\/kraft-bauer.com\/?page_id=325#breadcrumb\",\"itemListElement\":[{\"@type\":\"ListItem\",\"position\":1,\"name\":\"Startseite\",\"item\":\"https:\/\/kraft-bauer.com\/\"},{\"@type\":\"ListItem\",\"position\":2,\"name\":\"L\u00f6schanlage\",\"item\":\"https:\/\/kraft-bauer.com\/?page_id=226\"},{\"@type\":\"ListItem\",\"position\":3,\"name\":\"AEROSOL\"}]},{\"@type\":\"WebSite\",\"@id\":\"https:\/\/kraft-bauer.com\/#website\",\"url\":\"https:\/\/kraft-bauer.com\/\",\"name\":\"Kraft & Bauer Brandschutzsysteme GmbH\",\"description\":\"L\u00f6schanlagen und Feuerl\u00f6scher zur Brandvermeidung und -bek\u00e4mpfung. F\u00fcr die Sicherheit Ihrer Unternehmens- und Produktionsbereiche. Wir beraten Sie gerne info@kraft-bauer.com\",\"publisher\":{\"@id\":\"https:\/\/kraft-bauer.com\/#organization\"},\"potentialAction\":[{\"@type\":\"SearchAction\",\"target\":{\"@type\":\"EntryPoint\",\"urlTemplate\":\"https:\/\/kraft-bauer.com\/?s={search_term_string}\"},\"query-input\":\"required name=search_term_string\"}],\"inLanguage\":\"de\"},{\"@type\":\"Organization\",\"@id\":\"https:\/\/kraft-bauer.com\/#organization\",\"name\":\"Kraft & Bauer Brandschutzsysteme GmbH\",\"url\":\"https:\/\/kraft-bauer.com\/\",\"logo\":{\"@type\":\"ImageObject\",\"inLanguage\":\"de\",\"@id\":\"https:\/\/kraft-bauer.com\/#\/schema\/logo\/image\/\",\"url\":\"https:\/\/kraft-bauer.com\/wp-content\/uploads\/2020\/07\/cropped-logo_header-scaled-2.jpg\",\"contentUrl\":\"https:\/\/kraft-bauer.com\/wp-content\/uploads\/2020\/07\/cropped-logo_header-scaled-2.jpg\",\"width\":2491,\"height\":735,\"caption\":\"Kraft & Bauer Brandschutzsysteme GmbH\"},\"image\":{\"@id\":\"https:\/\/kraft-bauer.com\/#\/schema\/logo\/image\/\"}}]}<\/script>\n<!-- \/ Yoast SEO plugin. -->","yoast_head_json":{"title":"Aerosol- L\u00f6schanlagen","description":"pyrotechnischer L\u00f6schsatz \u2714\ufe0fZ\u00fcndung elektrisch, thermisch oder manuell \u2714\ufe0fL\u00f6schsatz aus Kaliumnitrat und Nitroguanidin \u2714\ufe0fAersosoll\u00f6schung \u2714\ufe0fWir beraten Sie gerne info@kraft-bauer.com","robots":{"index":"index","follow":"follow","max-snippet":"max-snippet:-1","max-image-preview":"max-image-preview:large","max-video-preview":"max-video-preview:-1"},"canonical":"https:\/\/kraft-bauer.com\/?page_id=325","og_locale":"de_DE","og_type":"article","og_title":"Aerosol- L\u00f6schanlagen","og_description":"pyrotechnischer L\u00f6schsatz \u2714\ufe0fZ\u00fcndung elektrisch, thermisch oder manuell \u2714\ufe0fL\u00f6schsatz aus Kaliumnitrat und Nitroguanidin \u2714\ufe0fAersosoll\u00f6schung \u2714\ufe0fWir beraten Sie gerne info@kraft-bauer.com","og_url":"https:\/\/kraft-bauer.com\/?page_id=325","og_site_name":"Kraft-Bauer","article_modified_time":"2024-05-06T19:37:13+00:00","twitter_card":"summary_large_image","twitter_misc":{"Gesch\u00e4tzte Lesezeit":"1\u00a0Minute"},"schema":{"@context":"https:\/\/schema.org","@graph":[{"@type":"WebPage","@id":"https:\/\/kraft-bauer.com\/?page_id=325","url":"https:\/\/kraft-bauer.com\/?page_id=325","name":"Aerosol- L\u00f6schanlagen","isPartOf":{"@id":"https:\/\/kraft-bauer.com\/#website"},"datePublished":"2020-07-01T12:59:36+00:00","dateModified":"2024-05-06T19:37:13+00:00","description":"pyrotechnischer L\u00f6schsatz \u2714\ufe0fZ\u00fcndung elektrisch, thermisch oder manuell \u2714\ufe0fL\u00f6schsatz aus Kaliumnitrat und Nitroguanidin \u2714\ufe0fAersosoll\u00f6schung \u2714\ufe0fWir beraten Sie gerne info@kraft-bauer.com","breadcrumb":{"@id":"https:\/\/kraft-bauer.com\/?page_id=325#breadcrumb"},"inLanguage":"de","potentialAction":[{"@type":"ReadAction","target":["https:\/\/kraft-bauer.com\/?page_id=325"]}]},{"@type":"BreadcrumbList","@id":"https:\/\/kraft-bauer.com\/?page_id=325#breadcrumb","itemListElement":[{"@type":"ListItem","position":1,"name":"Startseite","item":"https:\/\/kraft-bauer.com\/"},{"@type":"ListItem","position":2,"name":"L\u00f6schanlage","item":"https:\/\/kraft-bauer.com\/?page_id=226"},{"@type":"ListItem","position":3,"name":"AEROSOL"}]},{"@type":"WebSite","@id":"https:\/\/kraft-bauer.com\/#website","url":"https:\/\/kraft-bauer.com\/","name":"Kraft & Bauer Brandschutzsysteme GmbH","description":"L\u00f6schanlagen und Feuerl\u00f6scher zur Brandvermeidung und -bek\u00e4mpfung. F\u00fcr die Sicherheit Ihrer Unternehmens- und Produktionsbereiche. Wir beraten Sie gerne info@kraft-bauer.com","publisher":{"@id":"https:\/\/kraft-bauer.com\/#organization"},"potentialAction":[{"@type":"SearchAction","target":{"@type":"EntryPoint","urlTemplate":"https:\/\/kraft-bauer.com\/?s={search_term_string}"},"query-input":"required name=search_term_string"}],"inLanguage":"de"},{"@type":"Organization","@id":"https:\/\/kraft-bauer.com\/#organization","name":"Kraft & Bauer Brandschutzsysteme GmbH","url":"https:\/\/kraft-bauer.com\/","logo":{"@type":"ImageObject","inLanguage":"de","@id":"https:\/\/kraft-bauer.com\/#\/schema\/logo\/image\/","url":"https:\/\/kraft-bauer.com\/wp-content\/uploads\/2020\/07\/cropped-logo_header-scaled-2.jpg","contentUrl":"https:\/\/kraft-bauer.com\/wp-content\/uploads\/2020\/07\/cropped-logo_header-scaled-2.jpg","width":2491,"height":735,"caption":"Kraft & Bauer Brandschutzsysteme GmbH"},"image":{"@id":"https:\/\/kraft-bauer.com\/#\/schema\/logo\/image\/"}}]}},"_links":{"self":[{"href":"https:\/\/kraft-bauer.com\/index.php?rest_route=\/wp\/v2\/pages\/325","targetHints":{"allow":["GET"]}}],"collection":[{"href":"https:\/\/kraft-bauer.com\/index.php?rest_route=\/wp\/v2\/pages"}],"about":[{"href":"https:\/\/kraft-bauer.com\/index.php?rest_route=\/wp\/v2\/types\/page"}],"author":[{"embeddable":true,"href":"https:\/\/kraft-bauer.com\/index.php?rest_route=\/wp\/v2\/users\/1"}],"replies":[{"embeddable":true,"href":"https:\/\/kraft-bauer.com\/index.php?rest_route=%2Fwp%2Fv2%2Fcomments&post=325"}],"version-history":[{"count":1,"href":"https:\/\/kraft-bauer.com\/index.php?rest_route=\/wp\/v2\/pages\/325\/revisions"}],"predecessor-version":[{"id":326,"href":"https:\/\/kraft-bauer.com\/index.php?rest_route=\/wp\/v2\/pages\/325\/revisions\/326"}],"up":[{"embeddable":true,"href":"https:\/\/kraft-bauer.com\/index.php?rest_route=\/wp\/v2\/pages\/226"}],"wp:attachment":[{"href":"https:\/\/kraft-bauer.com\/index.php?rest_route=%2Fwp%2Fv2%2Fmedia&parent=325"}],"curies":[{"name":"wp","href":"https:\/\/api.w.org\/{rel}","templated":true}]}}